{"id":3845,"date":"2017-10-05T10:04:28","date_gmt":"2017-10-05T08:04:28","guid":{"rendered":"http:\/\/www.medicus.tn\/?post_type=product&#038;p=3845"},"modified":"2017-11-30T22:24:18","modified_gmt":"2017-11-30T21:24:18","slug":"nitro-hb-4410-bed-of-soins-intensif-column-model-four-motors","status":"publish","type":"product","link":"https:\/\/www.medicus.tn\/en\/produit\/nitro-hb-4410-bed-of-soins-intensif-column-model-four-motors\/","title":{"rendered":"NITRO HB 4410 BED OF SO\u0130NS \u0130NTENS\u0130F \/ COLUMN MODEL \/ FOUR MOTORS"},"content":{"rendered":"<p>Able to make Trendelenburg movement, foot, back, height with the help of motor Manual control Nurse control panel Lockable function of the back and foot motor with nurse control aid Mechanical CPR (flat position of the dorsal part of the bed in case of emergency.) Electronic CPR Fowler positions Vascular Adjustable knee movements with gradual mechanism 360 \u00b0 swivel castors with central locking (125mm) Urine bag hanger Belt clip accessory slots Batteries Adjustable height of serum hanger Electrostatic powder coating 32 Density mattress<\/p>\n<div class=\"row\">\n<div class=\"col-md-2\">\n<div class=\"fun-factor alt\">\n<div class=\"icon\"><img decoding=\"async\" src=\"http:\/\/www.nitrocare.com.tr\/urundegisken_res\/_sirt-hareketi.jpg\" \/><\/div>\n<div class=\"team-title\">MOVEMENT OF BACK<\/div>\n<\/div>\n<\/div>\n<div class=\"col-md-2\">\n<div class=\"fun-factor alt\">\n<div class=\"icon\"><img decoding=\"async\" src=\"http:\/\/www.nitrocare.com.tr\/urundegisken_res\/_ayak-hareketi.jpg\" \/><\/div>\n<div class=\"team-title\">MOVEMENT OF FEET<\/div>\n<\/div>\n<\/div>\n<div class=\"col-md-2\">\n<div class=\"fun-factor alt\">\n<div class=\"icon\"><img decoding=\"async\" src=\"http:\/\/www.nitrocare.com.tr\/urundegisken_res\/_sirt-ayak-hareketi.jpg\" \/><\/div>\n<div class=\"team-title\">MOVEMENT OF BACK AND FEET<\/div>\n<\/div>\n<\/div>\n<div class=\"col-md-2\">\n<div class=\"fun-factor alt\">\n<div class=\"icon\"><img decoding=\"async\" src=\"http:\/\/www.nitrocare.com.tr\/urundegisken_res\/_diz-kirma.jpg\" \/><\/div>\n<div class=\"team-title\">MOVEMENT OF KNEE<\/div>\n<\/div>\n<\/div>\n<div class=\"col-md-2\">\n<div class=\"fun-factor alt\">\n<div class=\"icon\"><img decoding=\"async\" src=\"http:\/\/www.nitrocare.com.tr\/urundegisken_res\/_yukseklik.jpg\" \/><\/div>\n<div class=\"team-title\">HEIGHT<\/div>\n<\/div>\n<\/div>\n<div class=\"col-md-2\">\n<div class=\"fun-factor alt\">\n<div class=\"icon\"><img decoding=\"async\" src=\"http:\/\/www.nitrocare.com.tr\/urundegisken_res\/_duz-trendelenburg.jpg\" \/><\/div>\n<div class=\"team-title\">TRENDELENBURG<\/div>\n<\/div>\n<\/div>\n<div class=\"col-md-2\">\n<div class=\"fun-factor alt\">\n<div class=\"icon\"><img decoding=\"async\" src=\"http:\/\/www.nitrocare.com.tr\/urundegisken_res\/_kardiyak.jpg\" \/><\/div>\n<div class=\"team-title\">\n<p>CARDIAC<\/p>\n<\/div>\n<\/div>\n<\/div>\n<div class=\"col-md-2\">\n<div class=\"fun-factor alt\">\n<div class=\"icon\"><img decoding=\"async\" src=\"http:\/\/www.nitrocare.com.tr\/urundegisken_res\/_tv-out-hareketi.jpg\" \/><\/div>\n<div class=\"team-title\">POS\u0130T\u0130ON TV OUT<\/div>\n<\/div>\n<\/div>\n<div class=\"col-md-2\">\n<div class=\"fun-factor alt\">\n<div class=\"icon\"><img decoding=\"async\" src=\"http:\/\/www.nitrocare.com.tr\/urundegisken_res\/_ters-trendelenburg.jpg\" \/><\/div>\n<div class=\"team-title\">PROCL\u0130VE<\/div>\n<\/div>\n<\/div>\n<\/div>\n","protected":false},"excerpt":{"rendered":"<p>Able to make Trendelenburg movement, foot, back, height with the help of motor Manual control Nurse control panel Lockable function of the back and foot motor with nurse control aid Mechanical CPR (flat position of the dorsal part of the bed in case of emergency.) Electronic CPR Fowler positions Vascular Adjustable knee movements with gradual<\/p>\n","protected":false},"featured_media":5244,"comment_status":"open","ping_status":"closed","template":"","meta":[],"product_brand":[],"product_cat":[192,184,200],"product_tag":[],"class_list":{"0":"post-3845","1":"product","2":"type-product","3":"status-publish","4":"has-post-thumbnail","6":"product_cat-hospital-bed","7":"product_cat-medical-furniture","8":"product_cat-serie-soft-en","10":"first","11":"instock","12":"shipping-taxable","13":"product-type-simple","14":"prodpage-style3"},"yoast_head":"<!-- This site is optimized with the Yoast SEO plugin v27.4 - https:\/\/yoast.com\/product\/yoast-seo-wordpress\/ -->\n<title>NITRO HB 4410 BED OF SO\u0130NS \u0130NTENS\u0130F \/ COLUMN MODEL \/ FOUR MOTORS - Medicus sfax<\/title>\n<meta name=\"robots\" content=\"index, follow, max-snippet:-1, max-image-preview:large, max-video-preview:-1\" \/>\n<link rel=\"canonical\" href=\"https:\/\/www.medicus.tn\/produit\/nitro-hb-4410-lit-de-soins-intensif-colonne-model-quatre-moteurs\/\" \/>\n<meta property=\"og:locale\" content=\"en_US\" \/>\n<meta property=\"og:type\" content=\"article\" \/>\n<meta property=\"og:title\" content=\"NITRO HB 4410 BED OF SO\u0130NS \u0130NTENS\u0130F \/ COLUMN MODEL \/ FOUR MOTORS - Medicus sfax\" \/>\n<meta property=\"og:description\" content=\"Able to make Trendelenburg movement, foot, back, height with the help of motor Manual control Nurse control panel Lockable function of the back and foot motor with nurse control aid Mechanical CPR (flat position of the dorsal part of the bed in case of emergency.) Electronic CPR Fowler positions Vascular Adjustable knee movements with gradual\" \/>\n<meta property=\"og:url\" content=\"https:\/\/www.medicus.tn\/produit\/nitro-hb-4410-lit-de-soins-intensif-colonne-model-quatre-moteurs\/\" \/>\n<meta property=\"og:site_name\" content=\"Medicus sfax\" \/>\n<meta property=\"article:publisher\" content=\"https:\/\/www.facebook.com\/profile.php?id=100009488798021\" \/>\n<meta property=\"article:modified_time\" content=\"2017-11-30T21:24:18+00:00\" \/>\n<meta property=\"og:image\" content=\"https:\/\/www.medicus.tn\/wp-content\/uploads\/2017\/04\/o_1461563921_0.jpg\" \/>\n\t<meta property=\"og:image:width\" content=\"818\" \/>\n\t<meta property=\"og:image:height\" content=\"635\" \/>\n\t<meta property=\"og:image:type\" content=\"image\/jpeg\" \/>\n<meta name=\"twitter:card\" content=\"summary_large_image\" \/>\n<meta name=\"twitter:label1\" content=\"Est. reading time\" \/>\n\t<meta name=\"twitter:data1\" content=\"1 minute\" \/>\n<script type=\"application\/ld+json\" class=\"yoast-schema-graph\">{\"@context\":\"https:\\\/\\\/schema.org\",\"@graph\":[{\"@type\":\"WebPage\",\"@id\":\"https:\\\/\\\/www.medicus.tn\\\/produit\\\/nitro-hb-4410-lit-de-soins-intensif-colonne-model-quatre-moteurs\\\/\",\"url\":\"https:\\\/\\\/www.medicus.tn\\\/produit\\\/nitro-hb-4410-lit-de-soins-intensif-colonne-model-quatre-moteurs\\\/\",\"name\":\"NITRO HB 4410 BED OF SO\u0130NS \u0130NTENS\u0130F \\\/ COLUMN MODEL \\\/ FOUR MOTORS - Medicus sfax\",\"isPartOf\":{\"@id\":\"https:\\\/\\\/www.medicus.tn\\\/en\\\/#website\"},\"primaryImageOfPage\":{\"@id\":\"https:\\\/\\\/www.medicus.tn\\\/produit\\\/nitro-hb-4410-lit-de-soins-intensif-colonne-model-quatre-moteurs\\\/#primaryimage\"},\"image\":{\"@id\":\"https:\\\/\\\/www.medicus.tn\\\/produit\\\/nitro-hb-4410-lit-de-soins-intensif-colonne-model-quatre-moteurs\\\/#primaryimage\"},\"thumbnailUrl\":\"https:\\\/\\\/www.medicus.tn\\\/wp-content\\\/uploads\\\/2017\\\/04\\\/o_1461563921_0.jpg\",\"datePublished\":\"2017-10-05T08:04:28+00:00\",\"dateModified\":\"2017-11-30T21:24:18+00:00\",\"breadcrumb\":{\"@id\":\"https:\\\/\\\/www.medicus.tn\\\/produit\\\/nitro-hb-4410-lit-de-soins-intensif-colonne-model-quatre-moteurs\\\/#breadcrumb\"},\"inLanguage\":\"en-US\",\"potentialAction\":[{\"@type\":\"ReadAction\",\"target\":[\"https:\\\/\\\/www.medicus.tn\\\/produit\\\/nitro-hb-4410-lit-de-soins-intensif-colonne-model-quatre-moteurs\\\/\"]}]},{\"@type\":\"ImageObject\",\"inLanguage\":\"en-US\",\"@id\":\"https:\\\/\\\/www.medicus.tn\\\/produit\\\/nitro-hb-4410-lit-de-soins-intensif-colonne-model-quatre-moteurs\\\/#primaryimage\",\"url\":\"https:\\\/\\\/www.medicus.tn\\\/wp-content\\\/uploads\\\/2017\\\/04\\\/o_1461563921_0.jpg\",\"contentUrl\":\"https:\\\/\\\/www.medicus.tn\\\/wp-content\\\/uploads\\\/2017\\\/04\\\/o_1461563921_0.jpg\",\"width\":818,\"height\":635},{\"@type\":\"BreadcrumbList\",\"@id\":\"https:\\\/\\\/www.medicus.tn\\\/produit\\\/nitro-hb-4410-lit-de-soins-intensif-colonne-model-quatre-moteurs\\\/#breadcrumb\",\"itemListElement\":[{\"@type\":\"ListItem\",\"position\":1,\"name\":\"Accueil\",\"item\":\"https:\\\/\\\/www.medicus.tn\\\/en\\\/\"},{\"@type\":\"ListItem\",\"position\":2,\"name\":\"Nos Produits\",\"item\":\"https:\\\/\\\/www.medicus.tn\\\/en\\\/ours-products\\\/\"},{\"@type\":\"ListItem\",\"position\":3,\"name\":\"NITRO HB 4410 BED OF SO\u0130NS \u0130NTENS\u0130F \\\/ COLUMN MODEL \\\/ FOUR MOTORS\"}]},{\"@type\":\"WebSite\",\"@id\":\"https:\\\/\\\/www.medicus.tn\\\/en\\\/#website\",\"url\":\"https:\\\/\\\/www.medicus.tn\\\/en\\\/\",\"name\":\"Medicus sfax\",\"description\":\"vente en gros du mat\u00e9riel m\u00e9dical sfax\",\"publisher\":{\"@id\":\"https:\\\/\\\/www.medicus.tn\\\/en\\\/#organization\"},\"potentialAction\":[{\"@type\":\"SearchAction\",\"target\":{\"@type\":\"EntryPoint\",\"urlTemplate\":\"https:\\\/\\\/www.medicus.tn\\\/en\\\/?s={search_term_string}\"},\"query-input\":{\"@type\":\"PropertyValueSpecification\",\"valueRequired\":true,\"valueName\":\"search_term_string\"}}],\"inLanguage\":\"en-US\"},{\"@type\":\"Organization\",\"@id\":\"https:\\\/\\\/www.medicus.tn\\\/en\\\/#organization\",\"name\":\"Medicus\",\"url\":\"https:\\\/\\\/www.medicus.tn\\\/en\\\/\",\"logo\":{\"@type\":\"ImageObject\",\"inLanguage\":\"en-US\",\"@id\":\"https:\\\/\\\/www.medicus.tn\\\/en\\\/#\\\/schema\\\/logo\\\/image\\\/\",\"url\":\"https:\\\/\\\/www.medicus.tn\\\/wp-content\\\/uploads\\\/2017\\\/01\\\/Logo-Medicus-1-1.png\",\"contentUrl\":\"https:\\\/\\\/www.medicus.tn\\\/wp-content\\\/uploads\\\/2017\\\/01\\\/Logo-Medicus-1-1.png\",\"width\":200,\"height\":82,\"caption\":\"Medicus\"},\"image\":{\"@id\":\"https:\\\/\\\/www.medicus.tn\\\/en\\\/#\\\/schema\\\/logo\\\/image\\\/\"},\"sameAs\":[\"https:\\\/\\\/www.facebook.com\\\/profile.php?id=100009488798021\"]}]}<\/script>\n<!-- \/ Yoast SEO plugin. -->","yoast_head_json":{"title":"NITRO HB 4410 BED OF SO\u0130NS \u0130NTENS\u0130F \/ COLUMN MODEL \/ FOUR MOTORS - Medicus sfax","robots":{"index":"index","follow":"follow","max-snippet":"max-snippet:-1","max-image-preview":"max-image-preview:large","max-video-preview":"max-video-preview:-1"},"canonical":"https:\/\/www.medicus.tn\/produit\/nitro-hb-4410-lit-de-soins-intensif-colonne-model-quatre-moteurs\/","og_locale":"en_US","og_type":"article","og_title":"NITRO HB 4410 BED OF SO\u0130NS \u0130NTENS\u0130F \/ COLUMN MODEL \/ FOUR MOTORS - Medicus sfax","og_description":"Able to make Trendelenburg movement, foot, back, height with the help of motor Manual control Nurse control panel Lockable function of the back and foot motor with nurse control aid Mechanical CPR (flat position of the dorsal part of the bed in case of emergency.) Electronic CPR Fowler positions Vascular Adjustable knee movements with gradual","og_url":"https:\/\/www.medicus.tn\/produit\/nitro-hb-4410-lit-de-soins-intensif-colonne-model-quatre-moteurs\/","og_site_name":"Medicus sfax","article_publisher":"https:\/\/www.facebook.com\/profile.php?id=100009488798021","article_modified_time":"2017-11-30T21:24:18+00:00","og_image":[{"width":818,"height":635,"url":"https:\/\/www.medicus.tn\/wp-content\/uploads\/2017\/04\/o_1461563921_0.jpg","type":"image\/jpeg"}],"twitter_card":"summary_large_image","twitter_misc":{"Est. reading time":"1 minute"},"schema":{"@context":"https:\/\/schema.org","@graph":[{"@type":"WebPage","@id":"https:\/\/www.medicus.tn\/produit\/nitro-hb-4410-lit-de-soins-intensif-colonne-model-quatre-moteurs\/","url":"https:\/\/www.medicus.tn\/produit\/nitro-hb-4410-lit-de-soins-intensif-colonne-model-quatre-moteurs\/","name":"NITRO HB 4410 BED OF SO\u0130NS \u0130NTENS\u0130F \/ COLUMN MODEL \/ FOUR MOTORS - Medicus sfax","isPartOf":{"@id":"https:\/\/www.medicus.tn\/en\/#website"},"primaryImageOfPage":{"@id":"https:\/\/www.medicus.tn\/produit\/nitro-hb-4410-lit-de-soins-intensif-colonne-model-quatre-moteurs\/#primaryimage"},"image":{"@id":"https:\/\/www.medicus.tn\/produit\/nitro-hb-4410-lit-de-soins-intensif-colonne-model-quatre-moteurs\/#primaryimage"},"thumbnailUrl":"https:\/\/www.medicus.tn\/wp-content\/uploads\/2017\/04\/o_1461563921_0.jpg","datePublished":"2017-10-05T08:04:28+00:00","dateModified":"2017-11-30T21:24:18+00:00","breadcrumb":{"@id":"https:\/\/www.medicus.tn\/produit\/nitro-hb-4410-lit-de-soins-intensif-colonne-model-quatre-moteurs\/#breadcrumb"},"inLanguage":"en-US","potentialAction":[{"@type":"ReadAction","target":["https:\/\/www.medicus.tn\/produit\/nitro-hb-4410-lit-de-soins-intensif-colonne-model-quatre-moteurs\/"]}]},{"@type":"ImageObject","inLanguage":"en-US","@id":"https:\/\/www.medicus.tn\/produit\/nitro-hb-4410-lit-de-soins-intensif-colonne-model-quatre-moteurs\/#primaryimage","url":"https:\/\/www.medicus.tn\/wp-content\/uploads\/2017\/04\/o_1461563921_0.jpg","contentUrl":"https:\/\/www.medicus.tn\/wp-content\/uploads\/2017\/04\/o_1461563921_0.jpg","width":818,"height":635},{"@type":"BreadcrumbList","@id":"https:\/\/www.medicus.tn\/produit\/nitro-hb-4410-lit-de-soins-intensif-colonne-model-quatre-moteurs\/#breadcrumb","itemListElement":[{"@type":"ListItem","position":1,"name":"Accueil","item":"https:\/\/www.medicus.tn\/en\/"},{"@type":"ListItem","position":2,"name":"Nos Produits","item":"https:\/\/www.medicus.tn\/en\/ours-products\/"},{"@type":"ListItem","position":3,"name":"NITRO HB 4410 BED OF SO\u0130NS \u0130NTENS\u0130F \/ COLUMN MODEL \/ FOUR MOTORS"}]},{"@type":"WebSite","@id":"https:\/\/www.medicus.tn\/en\/#website","url":"https:\/\/www.medicus.tn\/en\/","name":"Medicus sfax","description":"vente en gros du mat\u00e9riel m\u00e9dical sfax","publisher":{"@id":"https:\/\/www.medicus.tn\/en\/#organization"},"potentialAction":[{"@type":"SearchAction","target":{"@type":"EntryPoint","urlTemplate":"https:\/\/www.medicus.tn\/en\/?s={search_term_string}"},"query-input":{"@type":"PropertyValueSpecification","valueRequired":true,"valueName":"search_term_string"}}],"inLanguage":"en-US"},{"@type":"Organization","@id":"https:\/\/www.medicus.tn\/en\/#organization","name":"Medicus","url":"https:\/\/www.medicus.tn\/en\/","logo":{"@type":"ImageObject","inLanguage":"en-US","@id":"https:\/\/www.medicus.tn\/en\/#\/schema\/logo\/image\/","url":"https:\/\/www.medicus.tn\/wp-content\/uploads\/2017\/01\/Logo-Medicus-1-1.png","contentUrl":"https:\/\/www.medicus.tn\/wp-content\/uploads\/2017\/01\/Logo-Medicus-1-1.png","width":200,"height":82,"caption":"Medicus"},"image":{"@id":"https:\/\/www.medicus.tn\/en\/#\/schema\/logo\/image\/"},"sameAs":["https:\/\/www.facebook.com\/profile.php?id=100009488798021"]}]}},"_links":{"self":[{"href":"https:\/\/www.medicus.tn\/en\/wp-json\/wp\/v2\/product\/3845","targetHints":{"allow":["GET"]}}],"collection":[{"href":"https:\/\/www.medicus.tn\/en\/wp-json\/wp\/v2\/product"}],"about":[{"href":"https:\/\/www.medicus.tn\/en\/wp-json\/wp\/v2\/types\/product"}],"replies":[{"embeddable":true,"href":"https:\/\/www.medicus.tn\/en\/wp-json\/wp\/v2\/comments?post=3845"}],"wp:featuredmedia":[{"embeddable":true,"href":"https:\/\/www.medicus.tn\/en\/wp-json\/wp\/v2\/media\/5244"}],"wp:attachment":[{"href":"https:\/\/www.medicus.tn\/en\/wp-json\/wp\/v2\/media?parent=3845"}],"wp:term":[{"taxonomy":"product_brand","embeddable":true,"href":"https:\/\/www.medicus.tn\/en\/wp-json\/wp\/v2\/product_brand?post=3845"},{"taxonomy":"product_cat","embeddable":true,"href":"https:\/\/www.medicus.tn\/en\/wp-json\/wp\/v2\/product_cat?post=3845"},{"taxonomy":"product_tag","embeddable":true,"href":"https:\/\/www.medicus.tn\/en\/wp-json\/wp\/v2\/product_tag?post=3845"}],"curies":[{"name":"wp","href":"https:\/\/api.w.org\/{rel}","templated":true}]}}