{"id":3879,"date":"2017-10-05T11:24:12","date_gmt":"2017-10-05T09:24:12","guid":{"rendered":"http:\/\/www.medicus.tn\/?post_type=product&#038;p=3879"},"modified":"2017-11-30T22:30:53","modified_gmt":"2017-11-30T21:30:53","slug":"nts-x6-patient-transport-chair","status":"publish","type":"product","link":"https:\/\/www.medicus.tn\/en\/produit\/nts-x6-patient-transport-chair\/","title":{"rendered":"NTS X6 PATIENT TRANSPORT CHAIR"},"content":{"rendered":"<p>Polyurethane, plastic and painted metal are used in the product. Height: 1160mm Depth: 1000mm Width: 643mm Seat depth: 440mm Seat surface width: 500mm Back width: 490mm ACCOUDO\u0130RS Removable armrests, made of polyurethane Dimensions: 355mmx425mmx65mm (the highest, longest and (thickness: 3mm, 4mm, 5mm and 6mm) used in various parts of the body system TUBE PROF\u0130L \u00d851&#215;1,5 mm, \u00d842&#215;1,5 mm, \u00d825&#215;1,5 mm, \u00d821&#215;1 , 5 mm FUNCTIONAL PROPERTIES Retractable armrests Retractable foot support made of compact material compatible with patient movement Central brake pedal made of metallic and plastic material that can lock two rear wheels Seat part made of polyurethane material The back part manufactured of polyurethane material Foot support platform made of polyurethane material MECHANISM CHARACTERISTICS Golden part dirty bed according to user request and foot support platform which can take position with this movement BODY STRUCTURE Body structure made of painted DKP sheet. Thickness: 3mm, 4mm ,, 5mm, 6mm. Tube: \u00d851&#215;1,5 mm, \u00d842&#215;1,5 mm, \u00d825&#215;1,5 mm, \u00d821&#215;1,5 mm. Square profile: 20X20X2 TYPE AND METAL PURIFIER DKP sheet painted. Thickness: 3mm, 4mm, 5mm, 6mm. Tube: \u00d851&#215;1,5 mm, \u00d842&#215;1,5 mm, \u00d825&#215;1,5 mm, \u00d821&#215;1,5 mm. Square profile: 20X20X2 PAINT CHARACTERISTICS TYPE AND CHARACTERISTICS Electrostatic powder coating and coating thickness: M\u0130N: 40 \u03bcm BRAND AND DAMAGE OF THE CASTERS Wheel locks with central locking: TENTE, ROLKO, STEINCO, BL\u0130CKLE or RHOMBUS. Diameter: \u00d8125 mm. Front castors: TENTE, ROLKO, STEINCO, BL\u0130CKLE or RHOMBUS. Diameter: \u00d8300 mm TAPESTRY Polyurethane material SIZE OF CASTERS Rear castor: \u00d8 125 mm. Front castor: \u00d8 300 mm OWNER TECHNICAL FUNCTIONS Absent OTHER TECHNICAL FEATURES Stainless steel hanger height adjustment<\/p>\n<div class=\"row\">\n<div class=\"col-md-2\">\n<div class=\"fun-factor alt\">\n<div class=\"icon\"><img decoding=\"async\" src=\"http:\/\/www.nitrocare.com.tr\/urundegisken_res\/_sirt-ayak-hareketi.jpg\" \/><\/div>\n<div class=\"team-title\">MOVEMENT OF BACK AND FEET<\/div>\n<\/div>\n<\/div>\n<div class=\"col-md-2\">\n<div class=\"fun-factor alt\">\n<div class=\"icon\"><img decoding=\"async\" src=\"http:\/\/www.nitrocare.com.tr\/urundegisken_res\/_tv-out-hareketi.jpg\" \/><\/div>\n<div class=\"team-title\">POS\u0130T\u0130ON TV OUT<\/div>\n<\/div>\n<\/div>\n<\/div>\n","protected":false},"excerpt":{"rendered":"<p>Polyurethane, plastic and painted metal are used in the product. Height: 1160mm Depth: 1000mm Width: 643mm Seat depth: 440mm Seat surface width: 500mm Back width: 490mm ACCOUDO\u0130RS Removable armrests, made of polyurethane Dimensions: 355mmx425mmx65mm (the highest, longest and (thickness: 3mm, 4mm, 5mm and 6mm) used in various parts of the body system TUBE PROF\u0130L \u00d851&#215;1,5<\/p>\n","protected":false},"featured_media":5088,"comment_status":"open","ping_status":"closed","template":"","meta":[],"product_brand":[],"product_cat":[184,186],"product_tag":[],"class_list":{"0":"post-3879","1":"product","2":"type-product","3":"status-publish","4":"has-post-thumbnail","6":"product_cat-medical-furniture","7":"product_cat-patient-transport-chair","9":"first","10":"instock","11":"shipping-taxable","12":"product-type-simple","13":"prodpage-style3"},"yoast_head":"<!-- This site is optimized with the Yoast SEO plugin v27.4 - https:\/\/yoast.com\/product\/yoast-seo-wordpress\/ -->\n<title>NTS X6 PATIENT TRANSPORT CHAIR - Medicus sfax<\/title>\n<meta name=\"robots\" content=\"index, follow, max-snippet:-1, max-image-preview:large, max-video-preview:-1\" \/>\n<link rel=\"canonical\" href=\"https:\/\/www.medicus.tn\/en\/produit\/nts-x6-patient-transport-chair\/\" \/>\n<meta property=\"og:locale\" content=\"en_US\" \/>\n<meta property=\"og:type\" content=\"article\" \/>\n<meta property=\"og:title\" content=\"NTS X6 PATIENT TRANSPORT CHAIR - Medicus sfax\" \/>\n<meta property=\"og:description\" content=\"Polyurethane, plastic and painted metal are used in the product. Height: 1160mm Depth: 1000mm Width: 643mm Seat depth: 440mm Seat surface width: 500mm Back width: 490mm ACCOUDO\u0130RS Removable armrests, made of polyurethane Dimensions: 355mmx425mmx65mm (the highest, longest and (thickness: 3mm, 4mm, 5mm and 6mm) used in various parts of the body system TUBE PROF\u0130L \u00d851&#215;1,5\" \/>\n<meta property=\"og:url\" content=\"https:\/\/www.medicus.tn\/en\/produit\/nts-x6-patient-transport-chair\/\" \/>\n<meta property=\"og:site_name\" content=\"Medicus sfax\" \/>\n<meta property=\"article:publisher\" content=\"https:\/\/www.facebook.com\/profile.php?id=100009488798021\" \/>\n<meta property=\"article:modified_time\" content=\"2017-11-30T21:30:53+00:00\" \/>\n<meta property=\"og:image\" content=\"https:\/\/www.medicus.tn\/wp-content\/uploads\/2017\/03\/nts-x6-hasta-tasima-sandalyesi1461047288.jpg\" \/>\n\t<meta property=\"og:image:width\" content=\"818\" \/>\n\t<meta property=\"og:image:height\" content=\"635\" \/>\n\t<meta property=\"og:image:type\" content=\"image\/jpeg\" \/>\n<meta name=\"twitter:card\" content=\"summary_large_image\" \/>\n<meta name=\"twitter:label1\" content=\"Est. reading time\" \/>\n\t<meta name=\"twitter:data1\" content=\"1 minute\" \/>\n<script type=\"application\/ld+json\" class=\"yoast-schema-graph\">{\"@context\":\"https:\\\/\\\/schema.org\",\"@graph\":[{\"@type\":\"WebPage\",\"@id\":\"https:\\\/\\\/www.medicus.tn\\\/en\\\/produit\\\/nts-x6-patient-transport-chair\\\/\",\"url\":\"https:\\\/\\\/www.medicus.tn\\\/en\\\/produit\\\/nts-x6-patient-transport-chair\\\/\",\"name\":\"NTS X6 PATIENT TRANSPORT CHAIR - Medicus sfax\",\"isPartOf\":{\"@id\":\"https:\\\/\\\/www.medicus.tn\\\/en\\\/#website\"},\"primaryImageOfPage\":{\"@id\":\"https:\\\/\\\/www.medicus.tn\\\/en\\\/produit\\\/nts-x6-patient-transport-chair\\\/#primaryimage\"},\"image\":{\"@id\":\"https:\\\/\\\/www.medicus.tn\\\/en\\\/produit\\\/nts-x6-patient-transport-chair\\\/#primaryimage\"},\"thumbnailUrl\":\"https:\\\/\\\/www.medicus.tn\\\/wp-content\\\/uploads\\\/2017\\\/03\\\/nts-x6-hasta-tasima-sandalyesi1461047288.jpg\",\"datePublished\":\"2017-10-05T09:24:12+00:00\",\"dateModified\":\"2017-11-30T21:30:53+00:00\",\"breadcrumb\":{\"@id\":\"https:\\\/\\\/www.medicus.tn\\\/en\\\/produit\\\/nts-x6-patient-transport-chair\\\/#breadcrumb\"},\"inLanguage\":\"en-US\",\"potentialAction\":[{\"@type\":\"ReadAction\",\"target\":[\"https:\\\/\\\/www.medicus.tn\\\/en\\\/produit\\\/nts-x6-patient-transport-chair\\\/\"]}]},{\"@type\":\"ImageObject\",\"inLanguage\":\"en-US\",\"@id\":\"https:\\\/\\\/www.medicus.tn\\\/en\\\/produit\\\/nts-x6-patient-transport-chair\\\/#primaryimage\",\"url\":\"https:\\\/\\\/www.medicus.tn\\\/wp-content\\\/uploads\\\/2017\\\/03\\\/nts-x6-hasta-tasima-sandalyesi1461047288.jpg\",\"contentUrl\":\"https:\\\/\\\/www.medicus.tn\\\/wp-content\\\/uploads\\\/2017\\\/03\\\/nts-x6-hasta-tasima-sandalyesi1461047288.jpg\",\"width\":818,\"height\":635,\"caption\":\"A 22193\"},{\"@type\":\"BreadcrumbList\",\"@id\":\"https:\\\/\\\/www.medicus.tn\\\/en\\\/produit\\\/nts-x6-patient-transport-chair\\\/#breadcrumb\",\"itemListElement\":[{\"@type\":\"ListItem\",\"position\":1,\"name\":\"Accueil\",\"item\":\"https:\\\/\\\/www.medicus.tn\\\/en\\\/\"},{\"@type\":\"ListItem\",\"position\":2,\"name\":\"Nos Produits\",\"item\":\"https:\\\/\\\/www.medicus.tn\\\/en\\\/ours-products\\\/\"},{\"@type\":\"ListItem\",\"position\":3,\"name\":\"NTS X6 PATIENT TRANSPORT CHAIR\"}]},{\"@type\":\"WebSite\",\"@id\":\"https:\\\/\\\/www.medicus.tn\\\/en\\\/#website\",\"url\":\"https:\\\/\\\/www.medicus.tn\\\/en\\\/\",\"name\":\"Medicus sfax\",\"description\":\"vente en gros du mat\u00e9riel m\u00e9dical sfax\",\"publisher\":{\"@id\":\"https:\\\/\\\/www.medicus.tn\\\/en\\\/#organization\"},\"potentialAction\":[{\"@type\":\"SearchAction\",\"target\":{\"@type\":\"EntryPoint\",\"urlTemplate\":\"https:\\\/\\\/www.medicus.tn\\\/en\\\/?s={search_term_string}\"},\"query-input\":{\"@type\":\"PropertyValueSpecification\",\"valueRequired\":true,\"valueName\":\"search_term_string\"}}],\"inLanguage\":\"en-US\"},{\"@type\":\"Organization\",\"@id\":\"https:\\\/\\\/www.medicus.tn\\\/en\\\/#organization\",\"name\":\"Medicus\",\"url\":\"https:\\\/\\\/www.medicus.tn\\\/en\\\/\",\"logo\":{\"@type\":\"ImageObject\",\"inLanguage\":\"en-US\",\"@id\":\"https:\\\/\\\/www.medicus.tn\\\/en\\\/#\\\/schema\\\/logo\\\/image\\\/\",\"url\":\"https:\\\/\\\/www.medicus.tn\\\/wp-content\\\/uploads\\\/2017\\\/01\\\/Logo-Medicus-1-1.png\",\"contentUrl\":\"https:\\\/\\\/www.medicus.tn\\\/wp-content\\\/uploads\\\/2017\\\/01\\\/Logo-Medicus-1-1.png\",\"width\":200,\"height\":82,\"caption\":\"Medicus\"},\"image\":{\"@id\":\"https:\\\/\\\/www.medicus.tn\\\/en\\\/#\\\/schema\\\/logo\\\/image\\\/\"},\"sameAs\":[\"https:\\\/\\\/www.facebook.com\\\/profile.php?id=100009488798021\"]}]}<\/script>\n<!-- \/ Yoast SEO plugin. -->","yoast_head_json":{"title":"NTS X6 PATIENT TRANSPORT CHAIR - Medicus sfax","robots":{"index":"index","follow":"follow","max-snippet":"max-snippet:-1","max-image-preview":"max-image-preview:large","max-video-preview":"max-video-preview:-1"},"canonical":"https:\/\/www.medicus.tn\/en\/produit\/nts-x6-patient-transport-chair\/","og_locale":"en_US","og_type":"article","og_title":"NTS X6 PATIENT TRANSPORT CHAIR - Medicus sfax","og_description":"Polyurethane, plastic and painted metal are used in the product. Height: 1160mm Depth: 1000mm Width: 643mm Seat depth: 440mm Seat surface width: 500mm Back width: 490mm ACCOUDO\u0130RS Removable armrests, made of polyurethane Dimensions: 355mmx425mmx65mm (the highest, longest and (thickness: 3mm, 4mm, 5mm and 6mm) used in various parts of the body system TUBE PROF\u0130L \u00d851&#215;1,5","og_url":"https:\/\/www.medicus.tn\/en\/produit\/nts-x6-patient-transport-chair\/","og_site_name":"Medicus sfax","article_publisher":"https:\/\/www.facebook.com\/profile.php?id=100009488798021","article_modified_time":"2017-11-30T21:30:53+00:00","og_image":[{"width":818,"height":635,"url":"https:\/\/www.medicus.tn\/wp-content\/uploads\/2017\/03\/nts-x6-hasta-tasima-sandalyesi1461047288.jpg","type":"image\/jpeg"}],"twitter_card":"summary_large_image","twitter_misc":{"Est. reading time":"1 minute"},"schema":{"@context":"https:\/\/schema.org","@graph":[{"@type":"WebPage","@id":"https:\/\/www.medicus.tn\/en\/produit\/nts-x6-patient-transport-chair\/","url":"https:\/\/www.medicus.tn\/en\/produit\/nts-x6-patient-transport-chair\/","name":"NTS X6 PATIENT TRANSPORT CHAIR - Medicus sfax","isPartOf":{"@id":"https:\/\/www.medicus.tn\/en\/#website"},"primaryImageOfPage":{"@id":"https:\/\/www.medicus.tn\/en\/produit\/nts-x6-patient-transport-chair\/#primaryimage"},"image":{"@id":"https:\/\/www.medicus.tn\/en\/produit\/nts-x6-patient-transport-chair\/#primaryimage"},"thumbnailUrl":"https:\/\/www.medicus.tn\/wp-content\/uploads\/2017\/03\/nts-x6-hasta-tasima-sandalyesi1461047288.jpg","datePublished":"2017-10-05T09:24:12+00:00","dateModified":"2017-11-30T21:30:53+00:00","breadcrumb":{"@id":"https:\/\/www.medicus.tn\/en\/produit\/nts-x6-patient-transport-chair\/#breadcrumb"},"inLanguage":"en-US","potentialAction":[{"@type":"ReadAction","target":["https:\/\/www.medicus.tn\/en\/produit\/nts-x6-patient-transport-chair\/"]}]},{"@type":"ImageObject","inLanguage":"en-US","@id":"https:\/\/www.medicus.tn\/en\/produit\/nts-x6-patient-transport-chair\/#primaryimage","url":"https:\/\/www.medicus.tn\/wp-content\/uploads\/2017\/03\/nts-x6-hasta-tasima-sandalyesi1461047288.jpg","contentUrl":"https:\/\/www.medicus.tn\/wp-content\/uploads\/2017\/03\/nts-x6-hasta-tasima-sandalyesi1461047288.jpg","width":818,"height":635,"caption":"A 22193"},{"@type":"BreadcrumbList","@id":"https:\/\/www.medicus.tn\/en\/produit\/nts-x6-patient-transport-chair\/#breadcrumb","itemListElement":[{"@type":"ListItem","position":1,"name":"Accueil","item":"https:\/\/www.medicus.tn\/en\/"},{"@type":"ListItem","position":2,"name":"Nos Produits","item":"https:\/\/www.medicus.tn\/en\/ours-products\/"},{"@type":"ListItem","position":3,"name":"NTS X6 PATIENT TRANSPORT CHAIR"}]},{"@type":"WebSite","@id":"https:\/\/www.medicus.tn\/en\/#website","url":"https:\/\/www.medicus.tn\/en\/","name":"Medicus sfax","description":"vente en gros du mat\u00e9riel m\u00e9dical sfax","publisher":{"@id":"https:\/\/www.medicus.tn\/en\/#organization"},"potentialAction":[{"@type":"SearchAction","target":{"@type":"EntryPoint","urlTemplate":"https:\/\/www.medicus.tn\/en\/?s={search_term_string}"},"query-input":{"@type":"PropertyValueSpecification","valueRequired":true,"valueName":"search_term_string"}}],"inLanguage":"en-US"},{"@type":"Organization","@id":"https:\/\/www.medicus.tn\/en\/#organization","name":"Medicus","url":"https:\/\/www.medicus.tn\/en\/","logo":{"@type":"ImageObject","inLanguage":"en-US","@id":"https:\/\/www.medicus.tn\/en\/#\/schema\/logo\/image\/","url":"https:\/\/www.medicus.tn\/wp-content\/uploads\/2017\/01\/Logo-Medicus-1-1.png","contentUrl":"https:\/\/www.medicus.tn\/wp-content\/uploads\/2017\/01\/Logo-Medicus-1-1.png","width":200,"height":82,"caption":"Medicus"},"image":{"@id":"https:\/\/www.medicus.tn\/en\/#\/schema\/logo\/image\/"},"sameAs":["https:\/\/www.facebook.com\/profile.php?id=100009488798021"]}]}},"_links":{"self":[{"href":"https:\/\/www.medicus.tn\/en\/wp-json\/wp\/v2\/product\/3879","targetHints":{"allow":["GET"]}}],"collection":[{"href":"https:\/\/www.medicus.tn\/en\/wp-json\/wp\/v2\/product"}],"about":[{"href":"https:\/\/www.medicus.tn\/en\/wp-json\/wp\/v2\/types\/product"}],"replies":[{"embeddable":true,"href":"https:\/\/www.medicus.tn\/en\/wp-json\/wp\/v2\/comments?post=3879"}],"wp:featuredmedia":[{"embeddable":true,"href":"https:\/\/www.medicus.tn\/en\/wp-json\/wp\/v2\/media\/5088"}],"wp:attachment":[{"href":"https:\/\/www.medicus.tn\/en\/wp-json\/wp\/v2\/media?parent=3879"}],"wp:term":[{"taxonomy":"product_brand","embeddable":true,"href":"https:\/\/www.medicus.tn\/en\/wp-json\/wp\/v2\/product_brand?post=3879"},{"taxonomy":"product_cat","embeddable":true,"href":"https:\/\/www.medicus.tn\/en\/wp-json\/wp\/v2\/product_cat?post=3879"},{"taxonomy":"product_tag","embeddable":true,"href":"https:\/\/www.medicus.tn\/en\/wp-json\/wp\/v2\/product_tag?post=3879"}],"curies":[{"name":"wp","href":"https:\/\/api.w.org\/{rel}","templated":true}]}}