{"id":3938,"date":"2017-10-05T13:10:15","date_gmt":"2017-10-05T11:10:15","guid":{"rendered":"http:\/\/www.medicus.tn\/?post_type=product&#038;p=3938"},"modified":"2017-11-30T22:37:27","modified_gmt":"2017-11-30T21:37:27","slug":"ebit-50","status":"publish","type":"product","link":"https:\/\/www.medicus.tn\/en\/produit\/ebit-50\/","title":{"rendered":"EBit 50"},"content":{"rendered":"<h2>Reliable Diagnostic Ultrasound<\/h2>\n<div>\n<p>The latest portable ultrasonic machine CHISON EBit 50 is designed to easily and accurately diagnose, with its reasonable price and high quality of the medical ultrasound manufacturer CHISON, it has made its way over the crowd.<\/p>\n<p>\u25cf Independent angle 15&#8221;LED (0 \u00b0 &#8211; 30 \u00b0 inclined)<\/p>\n<p>\u25cf Light<\/p>\n<p>\u25cf Two transducer ports (integrated)<\/p>\n<p>\u25cf Probe holders<\/p>\n<p>\u25cf Removable battery<\/p>\n<p>\u25cf anti-theft lock<br \/>\n\u25cf Dediceted Adapter Space<br \/>\n\u25cf socket printer<br \/>\n\u25cf accessory box<br \/>\n\u25cf Trolley height adjustable (Three levels available)<\/p>\n<p><strong><br \/>\nFor\u00a0\u00a0<\/strong>Vascular &amp; MSK<strong>\u00a0<\/strong><\/p>\n<p><img loading=\"lazy\" decoding=\"async\" src=\"http:\/\/www.chison.com\/images\/upfile\/image\/2017_03\/7-04.jpg\" alt=\"Pour Vascular &amp; MSK\" width=\"680\" height=\"247\" \/><\/p>\n<section id=\"shifu_p_026\"><img decoding=\"async\" src=\"http:\/\/www.chison.com\/images\/upfile\/image\/2017_03\/8(11).jpg\" alt=\"Auto IMT\" \/><\/p>\n<section><strong>Auto IMT<br \/>\n<\/strong><br \/>\nAutomatically traces the intima, and measures the thickness of the in-<br \/>\nintima. This allows you to measure the intima<br \/>\nmore quickly, more easily and more accurately.<\/section>\n<\/section>\n<section id=\"shifu_p_021\">\n<section><\/section>\n<section><strong>\u00a0High frequency linear probe up to 18MHz<\/strong>Our high-frequency linear probe offers unmatched detail resolution and superior contrast resolution with an imaging frequency of up to 18 MHz.<\/p>\n<\/section>\n<p><img decoding=\"async\" src=\"http:\/\/www.chison.com\/images\/upfile\/image\/2017_03\/9(4).jpg\" alt=\"Sonde lin\u00e9aire haute fr\u00e9quence jusqu'\u00e0 18MHz\" \/><\/p>\n<\/section>\n<section id=\"shifu_p_026\"><img decoding=\"async\" src=\"http:\/\/www.chison.com\/images\/upfile\/image\/2017_03\/10(12).jpg\" alt=\"Q-image\" \/><\/p>\n<section><strong>Q-image<\/strong>These innovative algorithms have enhanced the image enhancement results significantly.<br \/>\nThe advanced chipset is used to ensure a fast cadence.<\/p>\n<\/section>\n<\/section>\n<section id=\"shifu_p_021\">\n<section><strong>Super needle<\/strong><br \/>\nWith Super Needle, clinicians can see the needle in the tissue more clearly during medical procedures. Needle angle up to \u00b1 30 \u00b0<\/section>\n<p><img decoding=\"async\" src=\"http:\/\/www.chison.com\/images\/upfile\/image\/2017_03\/11(5).jpg\" alt=\"Super aiguille\" \/><\/p>\n<\/section>\n<p class=\"shifubrush\"><strong><br \/>\n<\/strong><strong>\u00a0General Imaging<\/strong><\/p>\n<section id=\"shifu_p_021\">\n<section>Beam Q<br \/>\n\u25cf Compared to the traditional double beam on most ultrasonic machines, the EBIT50 uses quad-beam technology to receive ultrasonic signals.<br \/>\n\u25cf Double the volume of signals received from traditional methods, increasing image resolution and generating more accurate images.<br \/>\n\u25cf Produces higher frame rates, ensuring better reliability and diagnostic efficiency, especially for moving parts.<\/p>\n<\/section>\n<p><img decoding=\"async\" src=\"http:\/\/www.chison.com\/images\/upfile\/image\/2017_03\/12(8).jpg\" alt=\"Faisceau Q\" \/><\/p>\n<\/section>\n<section id=\"shifu_p_021\">\n<section><strong>FHI<\/strong>\u25cf FHI is an innovative harmonic imaging technology that uses multiple transmission and reception methods based on patient size and weight. This allows the EBit to maintain the resolution of the image when imaging larger patients.<br \/>\n\u25cf Traditional tissue harmonics and phase harmonics compromise image quality and resolution as penetration increases.<br \/>\n\u25cf Chison&#8217;s FHI technology greatly improves diagnostic capacities and clinical trust in larger and harder to imagine patients.<\/p>\n<\/section>\n<p><img decoding=\"async\" src=\"http:\/\/www.chison.com\/images\/upfile\/image\/2017_03\/13(9).jpg\" alt=\"FHI\" \/><\/p>\n<\/section>\n<p class=\"shifubrush\">\n<\/div>\n","protected":false},"excerpt":{"rendered":"<p>Reliable Diagnostic Ultrasound The latest portable ultrasonic machine CHISON EBit 50 is designed to easily and accurately diagnose, with its reasonable price and high quality of the medical ultrasound manufacturer CHISON, it has made its way over the crowd. \u25cf Independent angle 15&#8221;LED (0 \u00b0 &#8211; 30 \u00b0 inclined) \u25cf Light \u25cf Two transducer ports<\/p>\n","protected":false},"featured_media":4930,"comment_status":"open","ping_status":"closed","template":"","meta":[],"product_brand":[],"product_cat":[167,160,166],"product_tag":[],"class_list":{"0":"post-3938","1":"product","2":"type-product","3":"status-publish","4":"has-post-thumbnail","6":"product_cat-b-w-system","7":"product_cat-medical-material","8":"product_cat-ultrasound","10":"first","11":"instock","12":"shipping-taxable","13":"product-type-simple","14":"prodpage-style3"},"yoast_head":"<!-- This site is optimized with the Yoast SEO plugin v27.4 - https:\/\/yoast.com\/product\/yoast-seo-wordpress\/ -->\n<title>EBit 50 - Medicus sfax<\/title>\n<meta name=\"robots\" content=\"index, follow, max-snippet:-1, max-image-preview:large, max-video-preview:-1\" \/>\n<link rel=\"canonical\" href=\"https:\/\/www.medicus.tn\/en\/produit\/ebit-50\/\" \/>\n<meta property=\"og:locale\" content=\"en_US\" \/>\n<meta property=\"og:type\" content=\"article\" \/>\n<meta property=\"og:title\" content=\"EBit 50 - Medicus sfax\" \/>\n<meta property=\"og:description\" content=\"Reliable Diagnostic Ultrasound The latest portable ultrasonic machine CHISON EBit 50 is designed to easily and accurately diagnose, with its reasonable price and high quality of the medical ultrasound manufacturer CHISON, it has made its way over the crowd. \u25cf Independent angle 15&#8221;LED (0 \u00b0 &#8211; 30 \u00b0 inclined) \u25cf Light \u25cf Two transducer ports\" \/>\n<meta property=\"og:url\" content=\"https:\/\/www.medicus.tn\/en\/produit\/ebit-50\/\" \/>\n<meta property=\"og:site_name\" content=\"Medicus sfax\" \/>\n<meta property=\"article:publisher\" content=\"https:\/\/www.facebook.com\/profile.php?id=100009488798021\" \/>\n<meta property=\"article:modified_time\" content=\"2017-11-30T21:37:27+00:00\" \/>\n<meta property=\"og:image\" content=\"https:\/\/www.medicus.tn\/wp-content\/uploads\/2017\/03\/2017317143225340.jpg\" \/>\n\t<meta property=\"og:image:width\" content=\"400\" \/>\n\t<meta property=\"og:image:height\" content=\"400\" \/>\n\t<meta property=\"og:image:type\" content=\"image\/jpeg\" \/>\n<meta name=\"twitter:card\" content=\"summary_large_image\" \/>\n<meta name=\"twitter:label1\" content=\"Est. reading time\" \/>\n\t<meta name=\"twitter:data1\" content=\"1 minute\" \/>\n<script type=\"application\/ld+json\" class=\"yoast-schema-graph\">{\"@context\":\"https:\\\/\\\/schema.org\",\"@graph\":[{\"@type\":\"WebPage\",\"@id\":\"https:\\\/\\\/www.medicus.tn\\\/en\\\/produit\\\/ebit-50\\\/\",\"url\":\"https:\\\/\\\/www.medicus.tn\\\/en\\\/produit\\\/ebit-50\\\/\",\"name\":\"EBit 50 - Medicus sfax\",\"isPartOf\":{\"@id\":\"https:\\\/\\\/www.medicus.tn\\\/en\\\/#website\"},\"primaryImageOfPage\":{\"@id\":\"https:\\\/\\\/www.medicus.tn\\\/en\\\/produit\\\/ebit-50\\\/#primaryimage\"},\"image\":{\"@id\":\"https:\\\/\\\/www.medicus.tn\\\/en\\\/produit\\\/ebit-50\\\/#primaryimage\"},\"thumbnailUrl\":\"https:\\\/\\\/www.medicus.tn\\\/wp-content\\\/uploads\\\/2017\\\/03\\\/2017317143225340.jpg\",\"datePublished\":\"2017-10-05T11:10:15+00:00\",\"dateModified\":\"2017-11-30T21:37:27+00:00\",\"breadcrumb\":{\"@id\":\"https:\\\/\\\/www.medicus.tn\\\/en\\\/produit\\\/ebit-50\\\/#breadcrumb\"},\"inLanguage\":\"en-US\",\"potentialAction\":[{\"@type\":\"ReadAction\",\"target\":[\"https:\\\/\\\/www.medicus.tn\\\/en\\\/produit\\\/ebit-50\\\/\"]}]},{\"@type\":\"ImageObject\",\"inLanguage\":\"en-US\",\"@id\":\"https:\\\/\\\/www.medicus.tn\\\/en\\\/produit\\\/ebit-50\\\/#primaryimage\",\"url\":\"https:\\\/\\\/www.medicus.tn\\\/wp-content\\\/uploads\\\/2017\\\/03\\\/2017317143225340.jpg\",\"contentUrl\":\"https:\\\/\\\/www.medicus.tn\\\/wp-content\\\/uploads\\\/2017\\\/03\\\/2017317143225340.jpg\",\"width\":400,\"height\":400},{\"@type\":\"BreadcrumbList\",\"@id\":\"https:\\\/\\\/www.medicus.tn\\\/en\\\/produit\\\/ebit-50\\\/#breadcrumb\",\"itemListElement\":[{\"@type\":\"ListItem\",\"position\":1,\"name\":\"Accueil\",\"item\":\"https:\\\/\\\/www.medicus.tn\\\/en\\\/\"},{\"@type\":\"ListItem\",\"position\":2,\"name\":\"Nos Produits\",\"item\":\"https:\\\/\\\/www.medicus.tn\\\/en\\\/ours-products\\\/\"},{\"@type\":\"ListItem\",\"position\":3,\"name\":\"EBit 50\"}]},{\"@type\":\"WebSite\",\"@id\":\"https:\\\/\\\/www.medicus.tn\\\/en\\\/#website\",\"url\":\"https:\\\/\\\/www.medicus.tn\\\/en\\\/\",\"name\":\"Medicus sfax\",\"description\":\"vente en gros du mat\u00e9riel m\u00e9dical sfax\",\"publisher\":{\"@id\":\"https:\\\/\\\/www.medicus.tn\\\/en\\\/#organization\"},\"potentialAction\":[{\"@type\":\"SearchAction\",\"target\":{\"@type\":\"EntryPoint\",\"urlTemplate\":\"https:\\\/\\\/www.medicus.tn\\\/en\\\/?s={search_term_string}\"},\"query-input\":{\"@type\":\"PropertyValueSpecification\",\"valueRequired\":true,\"valueName\":\"search_term_string\"}}],\"inLanguage\":\"en-US\"},{\"@type\":\"Organization\",\"@id\":\"https:\\\/\\\/www.medicus.tn\\\/en\\\/#organization\",\"name\":\"Medicus\",\"url\":\"https:\\\/\\\/www.medicus.tn\\\/en\\\/\",\"logo\":{\"@type\":\"ImageObject\",\"inLanguage\":\"en-US\",\"@id\":\"https:\\\/\\\/www.medicus.tn\\\/en\\\/#\\\/schema\\\/logo\\\/image\\\/\",\"url\":\"https:\\\/\\\/www.medicus.tn\\\/wp-content\\\/uploads\\\/2017\\\/01\\\/Logo-Medicus-1-1.png\",\"contentUrl\":\"https:\\\/\\\/www.medicus.tn\\\/wp-content\\\/uploads\\\/2017\\\/01\\\/Logo-Medicus-1-1.png\",\"width\":200,\"height\":82,\"caption\":\"Medicus\"},\"image\":{\"@id\":\"https:\\\/\\\/www.medicus.tn\\\/en\\\/#\\\/schema\\\/logo\\\/image\\\/\"},\"sameAs\":[\"https:\\\/\\\/www.facebook.com\\\/profile.php?id=100009488798021\"]}]}<\/script>\n<!-- \/ Yoast SEO plugin. -->","yoast_head_json":{"title":"EBit 50 - Medicus sfax","robots":{"index":"index","follow":"follow","max-snippet":"max-snippet:-1","max-image-preview":"max-image-preview:large","max-video-preview":"max-video-preview:-1"},"canonical":"https:\/\/www.medicus.tn\/en\/produit\/ebit-50\/","og_locale":"en_US","og_type":"article","og_title":"EBit 50 - Medicus sfax","og_description":"Reliable Diagnostic Ultrasound The latest portable ultrasonic machine CHISON EBit 50 is designed to easily and accurately diagnose, with its reasonable price and high quality of the medical ultrasound manufacturer CHISON, it has made its way over the crowd. \u25cf Independent angle 15&#8221;LED (0 \u00b0 &#8211; 30 \u00b0 inclined) \u25cf Light \u25cf Two transducer ports","og_url":"https:\/\/www.medicus.tn\/en\/produit\/ebit-50\/","og_site_name":"Medicus sfax","article_publisher":"https:\/\/www.facebook.com\/profile.php?id=100009488798021","article_modified_time":"2017-11-30T21:37:27+00:00","og_image":[{"width":400,"height":400,"url":"https:\/\/www.medicus.tn\/wp-content\/uploads\/2017\/03\/2017317143225340.jpg","type":"image\/jpeg"}],"twitter_card":"summary_large_image","twitter_misc":{"Est. reading time":"1 minute"},"schema":{"@context":"https:\/\/schema.org","@graph":[{"@type":"WebPage","@id":"https:\/\/www.medicus.tn\/en\/produit\/ebit-50\/","url":"https:\/\/www.medicus.tn\/en\/produit\/ebit-50\/","name":"EBit 50 - Medicus sfax","isPartOf":{"@id":"https:\/\/www.medicus.tn\/en\/#website"},"primaryImageOfPage":{"@id":"https:\/\/www.medicus.tn\/en\/produit\/ebit-50\/#primaryimage"},"image":{"@id":"https:\/\/www.medicus.tn\/en\/produit\/ebit-50\/#primaryimage"},"thumbnailUrl":"https:\/\/www.medicus.tn\/wp-content\/uploads\/2017\/03\/2017317143225340.jpg","datePublished":"2017-10-05T11:10:15+00:00","dateModified":"2017-11-30T21:37:27+00:00","breadcrumb":{"@id":"https:\/\/www.medicus.tn\/en\/produit\/ebit-50\/#breadcrumb"},"inLanguage":"en-US","potentialAction":[{"@type":"ReadAction","target":["https:\/\/www.medicus.tn\/en\/produit\/ebit-50\/"]}]},{"@type":"ImageObject","inLanguage":"en-US","@id":"https:\/\/www.medicus.tn\/en\/produit\/ebit-50\/#primaryimage","url":"https:\/\/www.medicus.tn\/wp-content\/uploads\/2017\/03\/2017317143225340.jpg","contentUrl":"https:\/\/www.medicus.tn\/wp-content\/uploads\/2017\/03\/2017317143225340.jpg","width":400,"height":400},{"@type":"BreadcrumbList","@id":"https:\/\/www.medicus.tn\/en\/produit\/ebit-50\/#breadcrumb","itemListElement":[{"@type":"ListItem","position":1,"name":"Accueil","item":"https:\/\/www.medicus.tn\/en\/"},{"@type":"ListItem","position":2,"name":"Nos Produits","item":"https:\/\/www.medicus.tn\/en\/ours-products\/"},{"@type":"ListItem","position":3,"name":"EBit 50"}]},{"@type":"WebSite","@id":"https:\/\/www.medicus.tn\/en\/#website","url":"https:\/\/www.medicus.tn\/en\/","name":"Medicus sfax","description":"vente en gros du mat\u00e9riel m\u00e9dical sfax","publisher":{"@id":"https:\/\/www.medicus.tn\/en\/#organization"},"potentialAction":[{"@type":"SearchAction","target":{"@type":"EntryPoint","urlTemplate":"https:\/\/www.medicus.tn\/en\/?s={search_term_string}"},"query-input":{"@type":"PropertyValueSpecification","valueRequired":true,"valueName":"search_term_string"}}],"inLanguage":"en-US"},{"@type":"Organization","@id":"https:\/\/www.medicus.tn\/en\/#organization","name":"Medicus","url":"https:\/\/www.medicus.tn\/en\/","logo":{"@type":"ImageObject","inLanguage":"en-US","@id":"https:\/\/www.medicus.tn\/en\/#\/schema\/logo\/image\/","url":"https:\/\/www.medicus.tn\/wp-content\/uploads\/2017\/01\/Logo-Medicus-1-1.png","contentUrl":"https:\/\/www.medicus.tn\/wp-content\/uploads\/2017\/01\/Logo-Medicus-1-1.png","width":200,"height":82,"caption":"Medicus"},"image":{"@id":"https:\/\/www.medicus.tn\/en\/#\/schema\/logo\/image\/"},"sameAs":["https:\/\/www.facebook.com\/profile.php?id=100009488798021"]}]}},"_links":{"self":[{"href":"https:\/\/www.medicus.tn\/en\/wp-json\/wp\/v2\/product\/3938","targetHints":{"allow":["GET"]}}],"collection":[{"href":"https:\/\/www.medicus.tn\/en\/wp-json\/wp\/v2\/product"}],"about":[{"href":"https:\/\/www.medicus.tn\/en\/wp-json\/wp\/v2\/types\/product"}],"replies":[{"embeddable":true,"href":"https:\/\/www.medicus.tn\/en\/wp-json\/wp\/v2\/comments?post=3938"}],"wp:featuredmedia":[{"embeddable":true,"href":"https:\/\/www.medicus.tn\/en\/wp-json\/wp\/v2\/media\/4930"}],"wp:attachment":[{"href":"https:\/\/www.medicus.tn\/en\/wp-json\/wp\/v2\/media?parent=3938"}],"wp:term":[{"taxonomy":"product_brand","embeddable":true,"href":"https:\/\/www.medicus.tn\/en\/wp-json\/wp\/v2\/product_brand?post=3938"},{"taxonomy":"product_cat","embeddable":true,"href":"https:\/\/www.medicus.tn\/en\/wp-json\/wp\/v2\/product_cat?post=3938"},{"taxonomy":"product_tag","embeddable":true,"href":"https:\/\/www.medicus.tn\/en\/wp-json\/wp\/v2\/product_tag?post=3938"}],"curies":[{"name":"wp","href":"https:\/\/api.w.org\/{rel}","templated":true}]}}