{"id":4007,"date":"2017-10-05T17:36:28","date_gmt":"2017-10-05T15:36:28","guid":{"rendered":"http:\/\/www.medicus.tn\/?post_type=product&#038;p=4007"},"modified":"2017-11-30T22:47:55","modified_gmt":"2017-11-30T21:47:55","slug":"nitro-hb-5230-line-of-soins-intensifs-with-four-motors","status":"publish","type":"product","link":"https:\/\/www.medicus.tn\/en\/produit\/nitro-hb-5230-line-of-soins-intensifs-with-four-motors\/","title":{"rendered":"NITRO HB 5230 LINE OF SO\u0130NS \u0130NTENS\u0130FS WITH FOUR MOTORS"},"content":{"rendered":"<div class=\"blog-post\">\n<div class=\"full-width\">\n<div class=\"post-list-aside\">\n<div class=\"post-single\">\n<div class=\"post-slider-thumb post-img text-center\">\n<ul class=\"slides\">\n<li data-thumb=\"http:\/\/www.nitrocare.com.tr\/urunres\/nitro-hb-5230-dort-motorlu-liftli-yogun-bakim-hasta-karyolasi1455629549.jpg\"><a title=\"L\u0130T DE SO\u0130NS \u0130NTENS\u0130FS AVEC QUATRE MOTEURS\"><img decoding=\"async\" src=\"http:\/\/www.nitrocare.com.tr\/urunres\/nitro-hb-5230-dort-motorlu-liftli-yogun-bakim-hasta-karyolasi1455629549.jpg\" alt=\"\" \/><\/a><\/li>\n<li data-thumb=\"http:\/\/www.nitrocare.com.tr\/urunfoto_res\/o_1455629609_0.jpg\"><a title=\"\"><img decoding=\"async\" src=\"http:\/\/www.nitrocare.com.tr\/urunfoto_res\/o_1455629609_0.jpg\" alt=\"\" \/><\/a><\/li>\n<li data-thumb=\"http:\/\/www.nitrocare.com.tr\/urunfoto_res\/o_1455629627_0.jpg\"><a title=\"\"><img decoding=\"async\" src=\"http:\/\/www.nitrocare.com.tr\/urunfoto_res\/o_1455629627_0.jpg\" alt=\"\" \/><\/a><\/li>\n<li data-thumb=\"http:\/\/www.nitrocare.com.tr\/urunfoto_res\/o_1455629640_0.jpg\"><a title=\"\"><img decoding=\"async\" src=\"http:\/\/www.nitrocare.com.tr\/urunfoto_res\/o_1455629640_0.jpg\" alt=\"\" \/><\/a><\/li>\n<li data-thumb=\"http:\/\/www.nitrocare.com.tr\/urunfoto_res\/o_1455629659_0.jpg\"><a title=\"\"><img decoding=\"async\" src=\"http:\/\/www.nitrocare.com.tr\/urunfoto_res\/o_1455629659_0.jpg\" alt=\"\" \/><\/a><\/li>\n<li data-thumb=\"http:\/\/www.nitrocare.com.tr\/urunfoto_res\/o_1455629681_0.jpg\"><a title=\"\"><img decoding=\"async\" src=\"http:\/\/www.nitrocare.com.tr\/urunfoto_res\/o_1455629681_0.jpg\" alt=\"\" \/><\/a><\/li>\n<li data-thumb=\"http:\/\/www.nitrocare.com.tr\/urunfoto_res\/o_1455629695_0.jpg\"><a title=\"\"><img decoding=\"async\" src=\"http:\/\/www.nitrocare.com.tr\/urunfoto_res\/o_1455629695_0.jpg\" alt=\"\" \/><\/a><\/li>\n<li data-thumb=\"http:\/\/www.nitrocare.com.tr\/urunfoto_res\/o_1455629710_0.jpg\"><a title=\"\"><img decoding=\"async\" src=\"http:\/\/www.nitrocare.com.tr\/urunfoto_res\/o_1455629710_0.jpg\" alt=\"\" \/><\/a><\/li>\n<li data-thumb=\"http:\/\/www.nitrocare.com.tr\/urunfoto_res\/o_1455629751_0.jpg\"><a title=\"\"><img decoding=\"async\" src=\"http:\/\/www.nitrocare.com.tr\/urunfoto_res\/o_1455629751_0.jpg\" alt=\"\" \/><\/a><\/li>\n<li data-thumb=\"http:\/\/www.nitrocare.com.tr\/urunfoto_res\/o_1455629778_0.jpg\"><a title=\"\"><img decoding=\"async\" src=\"http:\/\/www.nitrocare.com.tr\/urunfoto_res\/o_1455629778_0.jpg\" alt=\"\" \/><\/a><\/li>\n<li data-thumb=\"http:\/\/www.nitrocare.com.tr\/urunfoto_res\/o_1455629812_0.jpg\"><a title=\"\"><img decoding=\"async\" src=\"http:\/\/www.nitrocare.com.tr\/urunfoto_res\/o_1455629812_0.jpg\" alt=\"\" \/><\/a><\/li>\n<li data-thumb=\"http:\/\/www.nitrocare.com.tr\/urunfoto_res\/o_1455629825_0.jpg\"><a title=\"\"><img decoding=\"async\" src=\"http:\/\/www.nitrocare.com.tr\/urunfoto_res\/o_1455629825_0.jpg\" alt=\"\" \/><\/a><\/li>\n<li data-thumb=\"http:\/\/www.nitrocare.com.tr\/urunfoto_res\/o_1455629841_0.jpg\"><a title=\"\"><img decoding=\"async\" src=\"http:\/\/www.nitrocare.com.tr\/urunfoto_res\/o_1455629841_0.jpg\" alt=\"\" \/><\/a><\/li>\n<\/ul>\n<\/div>\n<\/div>\n<\/div>\n<\/div>\n<p>Able to make Trendelenburg movement, foot, back, height with the help of engine<\/p>\n<p>Manual command<br \/>\nNurse Control Panel<br \/>\nLockable back and foot motor function with nurse control<br \/>\nMechanical CPR (flat position of the dorsal part of the bed in case of emergency.)<br \/>\nElectronic CPR<br \/>\nFowler Vascular Positions<br \/>\nAdjustable knee movements with gradual mechanism<br \/>\nEasily removable head and foot panel and side rails made of aluminum and compact laminate<br \/>\n360 \u00b0 swivel castors with central locking (150mm)<br \/>\nProtective plastic bumpers.<br \/>\nUrine bag hanger<br \/>\nBelt Clip<br \/>\nAccessory slots.<br \/>\nDrums.<br \/>\nAdjustable height of the serum hanger<br \/>\nElectrostatic powder coating.<br \/>\n5th roulette<br \/>\nX-ray<br \/>\nBed extension (18cm)<\/p>\n<p>32 Density mattresses.<\/p>\n<div class=\"row\" style=\"background-color: #f6f6f6; padding: 20px 20px 0px 20px; margin-bottom: 30px;\">\n<div class=\"col-md-2\" style=\"padding-right: 10px; padding-left: 10px; height: 110px;\">\n<div class=\"fun-factor alt\">\n<div class=\"icon\"><img decoding=\"async\" src=\"http:\/\/www.nitrocare.com.tr\/urundegisken_res\/_sirt-hareketi.jpg\" \/><\/div>\n<div class=\"team-title\" style=\"padding: 0px;\">MOVEMENT OF BACK<\/div>\n<\/div>\n<\/div>\n<div class=\"col-md-2\" style=\"padding-right: 10px; padding-left: 10px; height: 110px;\">\n<div class=\"fun-factor alt\">\n<div class=\"icon\"><img decoding=\"async\" src=\"http:\/\/www.nitrocare.com.tr\/urundegisken_res\/_ayak-hareketi.jpg\" \/><\/div>\n<div class=\"team-title\" style=\"padding: 0px;\">MOVEMENT OF FEET<\/div>\n<\/div>\n<\/div>\n<div class=\"col-md-2\" style=\"padding-right: 10px; padding-left: 10px; height: 110px;\">\n<div class=\"fun-factor alt\">\n<div class=\"icon\"><img decoding=\"async\" src=\"http:\/\/www.nitrocare.com.tr\/urundegisken_res\/_sirt-ayak-hareketi.jpg\" \/><\/div>\n<div class=\"team-title\" style=\"padding: 0px;\">MOVEMENT OF BACK AND FEET<\/div>\n<\/div>\n<\/div>\n<div class=\"col-md-2\" style=\"padding-right: 10px; padding-left: 10px; height: 110px;\">\n<div class=\"fun-factor alt\">\n<div class=\"icon\"><img decoding=\"async\" src=\"http:\/\/www.nitrocare.com.tr\/urundegisken_res\/_diz-kirma.jpg\" \/><\/div>\n<div class=\"team-title\" style=\"padding: 0px;\">MOVEMENT OF KNEE<\/div>\n<\/div>\n<\/div>\n<div class=\"col-md-2\" style=\"padding-right: 10px; padding-left: 10px; height: 110px;\">\n<div class=\"fun-factor alt\">\n<div class=\"icon\"><img decoding=\"async\" src=\"http:\/\/www.nitrocare.com.tr\/urundegisken_res\/_yukseklik.jpg\" \/><\/div>\n<div class=\"team-title\" style=\"padding: 0px;\">HEIGHT<\/div>\n<\/div>\n<\/div>\n<div class=\"col-md-2\" style=\"padding-right: 10px; padding-left: 10px; height: 110px;\">\n<div class=\"fun-factor alt\">\n<div class=\"icon\"><img decoding=\"async\" src=\"http:\/\/www.nitrocare.com.tr\/urundegisken_res\/_duz-trendelenburg.jpg\" \/><\/div>\n<div class=\"team-title\" style=\"padding: 0px;\">TRENDELENBURG<\/div>\n<\/div>\n<\/div>\n<div class=\"col-md-2\" style=\"padding-right: 10px; padding-left: 10px; height: 110px;\">\n<div class=\"fun-factor alt\">\n<div class=\"icon\"><img decoding=\"async\" src=\"http:\/\/www.nitrocare.com.tr\/urundegisken_res\/_kardiyak.jpg\" \/><\/div>\n<div class=\"team-title\" style=\"padding: 0px;\">CARD\u0130AQUE<\/div>\n<\/div>\n<\/div>\n<div class=\"col-md-2\" style=\"padding-right: 10px; padding-left: 10px; height: 110px;\">\n<div class=\"fun-factor alt\">\n<div class=\"icon\"><img decoding=\"async\" src=\"http:\/\/www.nitrocare.com.tr\/urundegisken_res\/_tv-out-hareketi.jpg\" \/><\/div>\n<div class=\"team-title\" style=\"padding: 0px;\">POS\u0130T\u0130ON TV OUT<\/div>\n<\/div>\n<\/div>\n<div class=\"col-md-2\" style=\"padding-right: 10px; padding-left: 10px; height: 110px;\">\n<div class=\"fun-factor alt\">\n<div class=\"icon\"><img decoding=\"async\" src=\"http:\/\/www.nitrocare.com.tr\/urundegisken_res\/_ters-trendelenburg.jpg\" \/><\/div>\n<div class=\"team-title\" style=\"padding: 0px;\">PROCL\u0130VE<\/div>\n<\/div>\n<\/div>\n<\/div>\n<section id=\"aksesuar\" class=\"body-content page-content\" style=\"padding: 0px 0;\">\n<div class=\"heading-title-side-border text-left \">\n<h3 class=\"text-uppercase \">Accessoires<\/h3>\n<div class=\"title-border-container\"><\/div>\n<\/div>\n<div class=\"row \">\n<div class=\"col-md-12\" style=\"padding-right: 0px; padding-left: 0px;\">\n<div class=\"portfolio portfolio-with-title portfolio-masonry col-3 gutter\" style=\"margin: 0px 0 !important;\">\n<div class=\"portfolio-item cat1 cat3 \">\n<div class=\"thumb\"><img decoding=\"async\" src=\"http:\/\/www.nitrocare.com.tr\/urunaksesuar_res\/o_1364542715_0.jpg\" alt=\"\" \/><\/p>\n<div class=\"portfolio-hover\"><\/div>\n<\/div>\n<div class=\"portfolio-title\" style=\"padding-right: 5px; padding-left: 5px;\"><\/div>\n<\/div>\n<div class=\"portfolio-item cat1 cat3 \">\n<div class=\"thumb\"><img decoding=\"async\" src=\"http:\/\/www.nitrocare.com.tr\/urunaksesuar_res\/o_1364542766_0.jpg\" alt=\"\" \/><\/p>\n<div class=\"portfolio-hover\"><\/div>\n<\/div>\n<div class=\"portfolio-title\" style=\"padding-right: 5px; padding-left: 5px;\"><\/div>\n<\/div>\n<div class=\"portfolio-item cat1 cat3 \">\n<div class=\"thumb\"><img decoding=\"async\" src=\"http:\/\/www.nitrocare.com.tr\/urunaksesuar_res\/o_1364542822_0.jpg\" alt=\"\" \/><\/p>\n<div class=\"portfolio-hover\"><\/div>\n<\/div>\n<div class=\"portfolio-title\" style=\"padding-right: 5px; padding-left: 5px;\"><\/div>\n<\/div>\n<div class=\"portfolio-item cat1 cat3 \">\n<div class=\"thumb\"><img decoding=\"async\" src=\"http:\/\/www.nitrocare.com.tr\/urunaksesuar_res\/o_1364543939_0.jpg\" alt=\"\" \/><\/p>\n<div class=\"portfolio-hover\"><\/div>\n<\/div>\n<div class=\"portfolio-title\" style=\"padding-right: 5px; padding-left: 5px;\"><\/div>\n<\/div>\n<\/div>\n<\/div>\n<\/div>\n<\/section>\n<\/div>\n","protected":false},"excerpt":{"rendered":"<p>Able to make Trendelenburg movement, foot, back, height with the help of engine Manual command Nurse Control Panel Lockable back and foot motor function with nurse control Mechanical CPR (flat position of the dorsal part of the bed in case of emergency.) Electronic CPR Fowler Vascular Positions Adjustable knee movements with gradual mechanism Easily removable<\/p>\n","protected":false},"featured_media":4788,"comment_status":"closed","ping_status":"closed","template":"","meta":[],"product_brand":[],"product_cat":[192,184],"product_tag":[],"class_list":{"0":"post-4007","1":"product","2":"type-product","3":"status-publish","4":"has-post-thumbnail","6":"product_cat-hospital-bed","7":"product_cat-medical-furniture","9":"first","10":"instock","11":"shipping-taxable","12":"product-type-simple","13":"prodpage-style3"},"yoast_head":"<!-- This site is optimized with the Yoast SEO plugin v27.4 - https:\/\/yoast.com\/product\/yoast-seo-wordpress\/ -->\n<title>NITRO HB 5230 LINE OF SO\u0130NS \u0130NTENS\u0130FS WITH FOUR MOTORS - Medicus sfax<\/title>\n<meta name=\"robots\" content=\"index, follow, max-snippet:-1, max-image-preview:large, max-video-preview:-1\" \/>\n<link rel=\"canonical\" href=\"https:\/\/www.medicus.tn\/produit\/nitro-hb-5230-lit-de-soins-intensifs-avec-quatre-moteurs\/\" \/>\n<meta property=\"og:locale\" content=\"en_US\" \/>\n<meta property=\"og:type\" content=\"article\" \/>\n<meta property=\"og:title\" content=\"NITRO HB 5230 LINE OF SO\u0130NS \u0130NTENS\u0130FS WITH FOUR MOTORS - Medicus sfax\" \/>\n<meta property=\"og:description\" content=\"Able to make Trendelenburg movement, foot, back, height with the help of engine Manual command Nurse Control Panel Lockable back and foot motor function with nurse control Mechanical CPR (flat position of the dorsal part of the bed in case of emergency.) Electronic CPR Fowler Vascular Positions Adjustable knee movements with gradual mechanism Easily removable\" \/>\n<meta property=\"og:url\" content=\"https:\/\/www.medicus.tn\/produit\/nitro-hb-5230-lit-de-soins-intensifs-avec-quatre-moteurs\/\" \/>\n<meta property=\"og:site_name\" content=\"Medicus sfax\" \/>\n<meta property=\"article:publisher\" content=\"https:\/\/www.facebook.com\/profile.php?id=100009488798021\" \/>\n<meta property=\"article:modified_time\" content=\"2017-11-30T21:47:55+00:00\" \/>\n<meta property=\"og:image\" content=\"https:\/\/www.medicus.tn\/wp-content\/uploads\/2017\/03\/40ba3a79a226f576a0720537420e63c3\" \/>\n\t<meta property=\"og:image:width\" content=\"818\" \/>\n\t<meta property=\"og:image:height\" content=\"635\" \/>\n\t<meta property=\"og:image:type\" content=\"image\/jpeg\" \/>\n<meta name=\"twitter:card\" content=\"summary_large_image\" \/>\n<meta name=\"twitter:label1\" content=\"Est. reading time\" \/>\n\t<meta name=\"twitter:data1\" content=\"1 minute\" \/>\n<script type=\"application\/ld+json\" class=\"yoast-schema-graph\">{\"@context\":\"https:\\\/\\\/schema.org\",\"@graph\":[{\"@type\":\"WebPage\",\"@id\":\"https:\\\/\\\/www.medicus.tn\\\/produit\\\/nitro-hb-5230-lit-de-soins-intensifs-avec-quatre-moteurs\\\/\",\"url\":\"https:\\\/\\\/www.medicus.tn\\\/produit\\\/nitro-hb-5230-lit-de-soins-intensifs-avec-quatre-moteurs\\\/\",\"name\":\"NITRO HB 5230 LINE OF SO\u0130NS \u0130NTENS\u0130FS WITH FOUR MOTORS - Medicus sfax\",\"isPartOf\":{\"@id\":\"https:\\\/\\\/www.medicus.tn\\\/en\\\/#website\"},\"primaryImageOfPage\":{\"@id\":\"https:\\\/\\\/www.medicus.tn\\\/produit\\\/nitro-hb-5230-lit-de-soins-intensifs-avec-quatre-moteurs\\\/#primaryimage\"},\"image\":{\"@id\":\"https:\\\/\\\/www.medicus.tn\\\/produit\\\/nitro-hb-5230-lit-de-soins-intensifs-avec-quatre-moteurs\\\/#primaryimage\"},\"thumbnailUrl\":\"https:\\\/\\\/www.medicus.tn\\\/wp-content\\\/uploads\\\/2017\\\/03\\\/40ba3a79a226f576a0720537420e63c3\",\"datePublished\":\"2017-10-05T15:36:28+00:00\",\"dateModified\":\"2017-11-30T21:47:55+00:00\",\"breadcrumb\":{\"@id\":\"https:\\\/\\\/www.medicus.tn\\\/produit\\\/nitro-hb-5230-lit-de-soins-intensifs-avec-quatre-moteurs\\\/#breadcrumb\"},\"inLanguage\":\"en-US\",\"potentialAction\":[{\"@type\":\"ReadAction\",\"target\":[\"https:\\\/\\\/www.medicus.tn\\\/produit\\\/nitro-hb-5230-lit-de-soins-intensifs-avec-quatre-moteurs\\\/\"]}]},{\"@type\":\"ImageObject\",\"inLanguage\":\"en-US\",\"@id\":\"https:\\\/\\\/www.medicus.tn\\\/produit\\\/nitro-hb-5230-lit-de-soins-intensifs-avec-quatre-moteurs\\\/#primaryimage\",\"url\":\"https:\\\/\\\/www.medicus.tn\\\/wp-content\\\/uploads\\\/2017\\\/03\\\/40ba3a79a226f576a0720537420e63c3\",\"contentUrl\":\"https:\\\/\\\/www.medicus.tn\\\/wp-content\\\/uploads\\\/2017\\\/03\\\/40ba3a79a226f576a0720537420e63c3\",\"width\":818,\"height\":635},{\"@type\":\"BreadcrumbList\",\"@id\":\"https:\\\/\\\/www.medicus.tn\\\/produit\\\/nitro-hb-5230-lit-de-soins-intensifs-avec-quatre-moteurs\\\/#breadcrumb\",\"itemListElement\":[{\"@type\":\"ListItem\",\"position\":1,\"name\":\"Accueil\",\"item\":\"https:\\\/\\\/www.medicus.tn\\\/en\\\/\"},{\"@type\":\"ListItem\",\"position\":2,\"name\":\"Nos Produits\",\"item\":\"https:\\\/\\\/www.medicus.tn\\\/en\\\/ours-products\\\/\"},{\"@type\":\"ListItem\",\"position\":3,\"name\":\"NITRO HB 5230 LINE OF SO\u0130NS \u0130NTENS\u0130FS WITH FOUR MOTORS\"}]},{\"@type\":\"WebSite\",\"@id\":\"https:\\\/\\\/www.medicus.tn\\\/en\\\/#website\",\"url\":\"https:\\\/\\\/www.medicus.tn\\\/en\\\/\",\"name\":\"Medicus sfax\",\"description\":\"vente en gros du mat\u00e9riel m\u00e9dical sfax\",\"publisher\":{\"@id\":\"https:\\\/\\\/www.medicus.tn\\\/en\\\/#organization\"},\"potentialAction\":[{\"@type\":\"SearchAction\",\"target\":{\"@type\":\"EntryPoint\",\"urlTemplate\":\"https:\\\/\\\/www.medicus.tn\\\/en\\\/?s={search_term_string}\"},\"query-input\":{\"@type\":\"PropertyValueSpecification\",\"valueRequired\":true,\"valueName\":\"search_term_string\"}}],\"inLanguage\":\"en-US\"},{\"@type\":\"Organization\",\"@id\":\"https:\\\/\\\/www.medicus.tn\\\/en\\\/#organization\",\"name\":\"Medicus\",\"url\":\"https:\\\/\\\/www.medicus.tn\\\/en\\\/\",\"logo\":{\"@type\":\"ImageObject\",\"inLanguage\":\"en-US\",\"@id\":\"https:\\\/\\\/www.medicus.tn\\\/en\\\/#\\\/schema\\\/logo\\\/image\\\/\",\"url\":\"https:\\\/\\\/www.medicus.tn\\\/wp-content\\\/uploads\\\/2017\\\/01\\\/Logo-Medicus-1-1.png\",\"contentUrl\":\"https:\\\/\\\/www.medicus.tn\\\/wp-content\\\/uploads\\\/2017\\\/01\\\/Logo-Medicus-1-1.png\",\"width\":200,\"height\":82,\"caption\":\"Medicus\"},\"image\":{\"@id\":\"https:\\\/\\\/www.medicus.tn\\\/en\\\/#\\\/schema\\\/logo\\\/image\\\/\"},\"sameAs\":[\"https:\\\/\\\/www.facebook.com\\\/profile.php?id=100009488798021\"]}]}<\/script>\n<!-- \/ Yoast SEO plugin. -->","yoast_head_json":{"title":"NITRO HB 5230 LINE OF SO\u0130NS \u0130NTENS\u0130FS WITH FOUR MOTORS - Medicus sfax","robots":{"index":"index","follow":"follow","max-snippet":"max-snippet:-1","max-image-preview":"max-image-preview:large","max-video-preview":"max-video-preview:-1"},"canonical":"https:\/\/www.medicus.tn\/produit\/nitro-hb-5230-lit-de-soins-intensifs-avec-quatre-moteurs\/","og_locale":"en_US","og_type":"article","og_title":"NITRO HB 5230 LINE OF SO\u0130NS \u0130NTENS\u0130FS WITH FOUR MOTORS - Medicus sfax","og_description":"Able to make Trendelenburg movement, foot, back, height with the help of engine Manual command Nurse Control Panel Lockable back and foot motor function with nurse control Mechanical CPR (flat position of the dorsal part of the bed in case of emergency.) Electronic CPR Fowler Vascular Positions Adjustable knee movements with gradual mechanism Easily removable","og_url":"https:\/\/www.medicus.tn\/produit\/nitro-hb-5230-lit-de-soins-intensifs-avec-quatre-moteurs\/","og_site_name":"Medicus sfax","article_publisher":"https:\/\/www.facebook.com\/profile.php?id=100009488798021","article_modified_time":"2017-11-30T21:47:55+00:00","og_image":[{"width":818,"height":635,"url":"https:\/\/www.medicus.tn\/wp-content\/uploads\/2017\/03\/40ba3a79a226f576a0720537420e63c3","type":"image\/jpeg"}],"twitter_card":"summary_large_image","twitter_misc":{"Est. reading time":"1 minute"},"schema":{"@context":"https:\/\/schema.org","@graph":[{"@type":"WebPage","@id":"https:\/\/www.medicus.tn\/produit\/nitro-hb-5230-lit-de-soins-intensifs-avec-quatre-moteurs\/","url":"https:\/\/www.medicus.tn\/produit\/nitro-hb-5230-lit-de-soins-intensifs-avec-quatre-moteurs\/","name":"NITRO HB 5230 LINE OF SO\u0130NS \u0130NTENS\u0130FS WITH FOUR MOTORS - Medicus sfax","isPartOf":{"@id":"https:\/\/www.medicus.tn\/en\/#website"},"primaryImageOfPage":{"@id":"https:\/\/www.medicus.tn\/produit\/nitro-hb-5230-lit-de-soins-intensifs-avec-quatre-moteurs\/#primaryimage"},"image":{"@id":"https:\/\/www.medicus.tn\/produit\/nitro-hb-5230-lit-de-soins-intensifs-avec-quatre-moteurs\/#primaryimage"},"thumbnailUrl":"https:\/\/www.medicus.tn\/wp-content\/uploads\/2017\/03\/40ba3a79a226f576a0720537420e63c3","datePublished":"2017-10-05T15:36:28+00:00","dateModified":"2017-11-30T21:47:55+00:00","breadcrumb":{"@id":"https:\/\/www.medicus.tn\/produit\/nitro-hb-5230-lit-de-soins-intensifs-avec-quatre-moteurs\/#breadcrumb"},"inLanguage":"en-US","potentialAction":[{"@type":"ReadAction","target":["https:\/\/www.medicus.tn\/produit\/nitro-hb-5230-lit-de-soins-intensifs-avec-quatre-moteurs\/"]}]},{"@type":"ImageObject","inLanguage":"en-US","@id":"https:\/\/www.medicus.tn\/produit\/nitro-hb-5230-lit-de-soins-intensifs-avec-quatre-moteurs\/#primaryimage","url":"https:\/\/www.medicus.tn\/wp-content\/uploads\/2017\/03\/40ba3a79a226f576a0720537420e63c3","contentUrl":"https:\/\/www.medicus.tn\/wp-content\/uploads\/2017\/03\/40ba3a79a226f576a0720537420e63c3","width":818,"height":635},{"@type":"BreadcrumbList","@id":"https:\/\/www.medicus.tn\/produit\/nitro-hb-5230-lit-de-soins-intensifs-avec-quatre-moteurs\/#breadcrumb","itemListElement":[{"@type":"ListItem","position":1,"name":"Accueil","item":"https:\/\/www.medicus.tn\/en\/"},{"@type":"ListItem","position":2,"name":"Nos Produits","item":"https:\/\/www.medicus.tn\/en\/ours-products\/"},{"@type":"ListItem","position":3,"name":"NITRO HB 5230 LINE OF SO\u0130NS \u0130NTENS\u0130FS WITH FOUR MOTORS"}]},{"@type":"WebSite","@id":"https:\/\/www.medicus.tn\/en\/#website","url":"https:\/\/www.medicus.tn\/en\/","name":"Medicus sfax","description":"vente en gros du mat\u00e9riel m\u00e9dical sfax","publisher":{"@id":"https:\/\/www.medicus.tn\/en\/#organization"},"potentialAction":[{"@type":"SearchAction","target":{"@type":"EntryPoint","urlTemplate":"https:\/\/www.medicus.tn\/en\/?s={search_term_string}"},"query-input":{"@type":"PropertyValueSpecification","valueRequired":true,"valueName":"search_term_string"}}],"inLanguage":"en-US"},{"@type":"Organization","@id":"https:\/\/www.medicus.tn\/en\/#organization","name":"Medicus","url":"https:\/\/www.medicus.tn\/en\/","logo":{"@type":"ImageObject","inLanguage":"en-US","@id":"https:\/\/www.medicus.tn\/en\/#\/schema\/logo\/image\/","url":"https:\/\/www.medicus.tn\/wp-content\/uploads\/2017\/01\/Logo-Medicus-1-1.png","contentUrl":"https:\/\/www.medicus.tn\/wp-content\/uploads\/2017\/01\/Logo-Medicus-1-1.png","width":200,"height":82,"caption":"Medicus"},"image":{"@id":"https:\/\/www.medicus.tn\/en\/#\/schema\/logo\/image\/"},"sameAs":["https:\/\/www.facebook.com\/profile.php?id=100009488798021"]}]}},"_links":{"self":[{"href":"https:\/\/www.medicus.tn\/en\/wp-json\/wp\/v2\/product\/4007","targetHints":{"allow":["GET"]}}],"collection":[{"href":"https:\/\/www.medicus.tn\/en\/wp-json\/wp\/v2\/product"}],"about":[{"href":"https:\/\/www.medicus.tn\/en\/wp-json\/wp\/v2\/types\/product"}],"replies":[{"embeddable":true,"href":"https:\/\/www.medicus.tn\/en\/wp-json\/wp\/v2\/comments?post=4007"}],"wp:featuredmedia":[{"embeddable":true,"href":"https:\/\/www.medicus.tn\/en\/wp-json\/wp\/v2\/media\/4788"}],"wp:attachment":[{"href":"https:\/\/www.medicus.tn\/en\/wp-json\/wp\/v2\/media?parent=4007"}],"wp:term":[{"taxonomy":"product_brand","embeddable":true,"href":"https:\/\/www.medicus.tn\/en\/wp-json\/wp\/v2\/product_brand?post=4007"},{"taxonomy":"product_cat","embeddable":true,"href":"https:\/\/www.medicus.tn\/en\/wp-json\/wp\/v2\/product_cat?post=4007"},{"taxonomy":"product_tag","embeddable":true,"href":"https:\/\/www.medicus.tn\/en\/wp-json\/wp\/v2\/product_tag?post=4007"}],"curies":[{"name":"wp","href":"https:\/\/api.w.org\/{rel}","templated":true}]}}