{"id":4008,"date":"2017-10-05T17:40:06","date_gmt":"2017-10-05T15:40:06","guid":{"rendered":"http:\/\/www.medicus.tn\/?post_type=product&#038;p=4008"},"modified":"2017-11-30T22:48:10","modified_gmt":"2017-11-30T21:48:10","slug":"nitro-hb-5110-bed-intensive-care-lateral-five-motors-2","status":"publish","type":"product","link":"https:\/\/www.medicus.tn\/en\/produit\/nitro-hb-5110-bed-intensive-care-lateral-five-motors-2\/","title":{"rendered":"NITRO HB 5110 BED INTENSIVE CARE LATERAL FIVE MOTORS"},"content":{"rendered":"<div class=\"blog-post\">\n<div class=\"full-width\">\n<div class=\"post-list-aside\">\n<div class=\"post-single\">\n<div class=\"post-slider-thumb post-img text-center\">\n<ul class=\"slides\">\n<li data-thumb=\"http:\/\/www.nitrocare.com.tr\/urunres\/nitro-hb-5110-bes-motorlu-lateral-liftli-yogun-bakim-hasta-karyolasi.jpg\"><a title=\"L\u0130T DE SO\u0130NS \u0130NTENS\u0130FS LATERAL C\u0130NQUE MOTEURS\"><img decoding=\"async\" src=\"http:\/\/www.medicus.tn\/wp-content\/uploads\/2017\/03\/e5309d6d243c27ab63c3b42d969f033a\" alt=\"\" \/><\/a><\/li>\n<li data-thumb=\"http:\/\/www.nitrocare.com.tr\/urunfoto_res\/o_1455625904_0.jpg\"><a title=\"\"><img decoding=\"async\" src=\"http:\/\/www.medicus.tn\/wp-content\/uploads\/2017\/03\/9f880053ab3fdedcb39e19183de16e21\" alt=\"\" \/><\/a><\/li>\n<li data-thumb=\"http:\/\/www.nitrocare.com.tr\/urunfoto_res\/o_1455625919_0.jpg\"><a title=\"\"><img decoding=\"async\" src=\"http:\/\/www.medicus.tn\/wp-content\/uploads\/2017\/03\/1025d63087c101822cb7f5a6d557deb1\" alt=\"\" \/><\/a><\/li>\n<li data-thumb=\"http:\/\/www.nitrocare.com.tr\/urunfoto_res\/o_1455625943_0.jpg\"><a title=\"\"><img decoding=\"async\" src=\"http:\/\/www.medicus.tn\/wp-content\/uploads\/2017\/03\/52ff65b466cf9e432d3e9ad25ce86830\" alt=\"\" \/><\/a><\/li>\n<li data-thumb=\"http:\/\/www.nitrocare.com.tr\/urunfoto_res\/o_1455625990_0.jpg\"><a title=\"\"><img decoding=\"async\" src=\"http:\/\/www.medicus.tn\/wp-content\/uploads\/2017\/03\/f01af6f6c54c8c0b0992789ac362e2f2\" alt=\"\" \/><\/a><\/li>\n<li data-thumb=\"http:\/\/www.nitrocare.com.tr\/urunfoto_res\/o_1455626021_0.jpg\"><a title=\"\"><img decoding=\"async\" src=\"http:\/\/www.medicus.tn\/wp-content\/uploads\/2017\/03\/90cffbcafabf9bcaabcace6b05c9b473\" alt=\"\" \/><\/a><\/li>\n<li data-thumb=\"http:\/\/www.nitrocare.com.tr\/urunfoto_res\/o_1455626079_0.jpg\"><a title=\"\"><img decoding=\"async\" src=\"http:\/\/www.medicus.tn\/wp-content\/uploads\/2017\/03\/0d30c47b48a34b185b6df289b8a2ca81\" alt=\"\" \/><\/a><\/li>\n<li data-thumb=\"http:\/\/www.nitrocare.com.tr\/urunfoto_res\/o_1455626273_0.jpg\"><a title=\"\"><img decoding=\"async\" src=\"http:\/\/www.medicus.tn\/wp-content\/uploads\/2017\/03\/8241888b0f9e213fa08fe27c28f3e76d\" alt=\"\" \/><\/a><\/li>\n<li data-thumb=\"http:\/\/www.nitrocare.com.tr\/urunfoto_res\/o_1455626803_0.jpg\"><a title=\"\"><img decoding=\"async\" src=\"http:\/\/www.medicus.tn\/wp-content\/uploads\/2017\/03\/f8bd71e39d4e86536cd7d7baeaef7cc8\" alt=\"\" \/><\/a><\/li>\n<li data-thumb=\"http:\/\/www.nitrocare.com.tr\/urunfoto_res\/o_1455626905_0.jpg\"><a title=\"\"><img decoding=\"async\" src=\"http:\/\/www.medicus.tn\/wp-content\/uploads\/2017\/03\/ca23add9c46667f3c8e09811087a6394\" alt=\"\" \/><\/a><\/li>\n<li data-thumb=\"http:\/\/www.nitrocare.com.tr\/urunfoto_res\/o_1455626922_0.jpg\"><a title=\"\"><img decoding=\"async\" src=\"http:\/\/www.medicus.tn\/wp-content\/uploads\/2017\/03\/7f99779b599aac237e4f20f79d9857eb\" alt=\"\" \/><\/a><\/li>\n<li data-thumb=\"http:\/\/www.nitrocare.com.tr\/urunfoto_res\/o_1455626955_0.jpg\"><a title=\"\"><img decoding=\"async\" src=\"http:\/\/www.medicus.tn\/wp-content\/uploads\/2017\/03\/6e318e7ff4b2bb1e4f3348ebf8952281\" alt=\"\" \/><\/a><\/li>\n<\/ul>\n<\/div>\n<\/div>\n<\/div>\n<\/div>\n<p>Capable of making lateral movement to the left and right<br \/>\nAble to make Trendelenburg movement, foot, back, height with the help of engine<br \/>\nManual command<br \/>\nNurse Control Panel<br \/>\nLockable back and foot motor function with nurse control<br \/>\nMechanical CPR (flat position of the dorsal part of the bed in case of emergency.)<br \/>\nElectronic CPR<br \/>\nFowler Vascular Positions<br \/>\nAdjustable knee movements with gradual mechanism<br \/>\nEasily removable head and foot panel and side rails made of aluminum and compact laminate<br \/>\n360 \u00b0 swivel castors with central locking (150mm)<br \/>\nProtective plastic bumpers.<br \/>\nUrine bag hanger<br \/>\nBelt Clip<br \/>\nAccessory slots.<br \/>\nDrums.<br \/>\nAdjustable height of the serum hanger<br \/>\nElectrostatic powder coating.<br \/>\n5th wheel (\u0130l allows easy movement of the bed in the desired position. (125 mm)<br \/>\nX Ray function<br \/>\nBed extension (18cm)<br \/>\n32 Density mattresses.<\/p>\n<div class=\"row\" style=\"background-color: #f6f6f6; padding: 20px 20px 0px 20px; margin-bottom: 30px;\">\n<div class=\"col-md-2\" style=\"padding-right: 10px; padding-left: 10px; height: 110px;\">\n<div class=\"fun-factor alt\">\n<div class=\"icon\"><img decoding=\"async\" src=\"http:\/\/www.medicus.tn\/wp-content\/uploads\/2017\/03\/36356f3078825ac3def543988ee7d86b\" \/><\/div>\n<div class=\"team-title\" style=\"padding: 0px;\">MOVEMENT OF BACK<\/div>\n<\/div>\n<\/div>\n<div class=\"col-md-2\" style=\"padding-right: 10px; padding-left: 10px; height: 110px;\">\n<div class=\"fun-factor alt\">\n<div class=\"icon\"><img decoding=\"async\" src=\"http:\/\/www.medicus.tn\/wp-content\/uploads\/2017\/03\/45d9728ced31e0c9c6a354b84b8fd389\" \/><\/div>\n<div class=\"team-title\" style=\"padding: 0px;\">MOVEMENT OF FEET<\/div>\n<\/div>\n<\/div>\n<div class=\"col-md-2\" style=\"padding-right: 10px; padding-left: 10px; height: 110px;\">\n<div class=\"fun-factor alt\">\n<div class=\"icon\"><img decoding=\"async\" src=\"http:\/\/www.medicus.tn\/wp-content\/uploads\/2017\/03\/a97236985e06dfdf285fb554becb5c38\" \/><\/div>\n<div class=\"team-title\" style=\"padding: 0px;\">MOVEMENT OF BACK AND FEET<\/div>\n<\/div>\n<\/div>\n<div class=\"col-md-2\" style=\"padding-right: 10px; padding-left: 10px; height: 110px;\">\n<div class=\"fun-factor alt\">\n<div class=\"icon\"><img decoding=\"async\" src=\"http:\/\/www.medicus.tn\/wp-content\/uploads\/2017\/03\/c7ea1564c359f54246c17877d52d43ee\" \/><\/div>\n<div class=\"team-title\" style=\"padding: 0px;\">MOVEMENT OF KNEE<\/div>\n<\/div>\n<\/div>\n<div class=\"col-md-2\" style=\"padding-right: 10px; padding-left: 10px; height: 110px;\">\n<div class=\"fun-factor alt\">\n<div class=\"icon\"><img decoding=\"async\" src=\"http:\/\/www.medicus.tn\/wp-content\/uploads\/2017\/03\/2c0e201efc379eceee07a6f6f68c37b3\" \/><\/div>\n<div class=\"team-title\" style=\"padding: 0px;\">HEIGHT<\/div>\n<\/div>\n<\/div>\n<div class=\"col-md-2\" style=\"padding-right: 10px; padding-left: 10px; height: 110px;\">\n<div class=\"fun-factor alt\">\n<div class=\"icon\"><img decoding=\"async\" src=\"http:\/\/www.medicus.tn\/wp-content\/uploads\/2017\/03\/555772773d7fff34d422ef9a6d15d44b\" \/><\/div>\n<div class=\"team-title\" style=\"padding: 0px;\">TRENDELENBURG<\/div>\n<\/div>\n<\/div>\n<div class=\"col-md-2\" style=\"padding-right: 10px; padding-left: 10px; height: 110px;\">\n<div class=\"fun-factor alt\">\n<div class=\"icon\"><img decoding=\"async\" src=\"http:\/\/www.medicus.tn\/wp-content\/uploads\/2017\/03\/fc1c46e2c63e5d6ce39f7664c455765c\" \/><\/div>\n<div class=\"team-title\" style=\"padding: 0px;\">CARD\u0130AC<\/div>\n<\/div>\n<\/div>\n<div class=\"col-md-2\" style=\"padding-right: 10px; padding-left: 10px; height: 110px;\">\n<div class=\"fun-factor alt\">\n<div class=\"icon\"><img decoding=\"async\" src=\"http:\/\/www.medicus.tn\/wp-content\/uploads\/2017\/03\/ac38b05ed95f6720ff2fb1ea6da0aed3\" \/><\/div>\n<div class=\"team-title\" style=\"padding: 0px;\">POS\u0130T\u0130ON TV OUT<\/div>\n<\/div>\n<\/div>\n<div class=\"col-md-2\" style=\"padding-right: 10px; padding-left: 10px; height: 110px;\">\n<div class=\"fun-factor alt\">\n<div class=\"icon\"><img decoding=\"async\" src=\"http:\/\/www.medicus.tn\/wp-content\/uploads\/2017\/03\/f0b3083ea8de0ba7d465a9d62f657f70\" \/><\/div>\n<div class=\"team-title\" style=\"padding: 0px;\">LIFTING AND LIFTING MOVEMENT<\/div>\n<\/div>\n<\/div>\n<div class=\"col-md-2\" style=\"padding-right: 10px; padding-left: 10px; height: 110px;\">\n<div class=\"fun-factor alt\">\n<div class=\"icon\"><img decoding=\"async\" src=\"http:\/\/www.medicus.tn\/wp-content\/uploads\/2017\/03\/470cd14a4fa4801eeb64f63b924ac39c\" \/><\/div>\n<div class=\"team-title\" style=\"padding: 0px;\">PROCL\u0130VE<\/div>\n<\/div>\n<\/div>\n<\/div>\n<section id=\"aksesuar\" class=\"body-content page-content\" style=\"padding: 0px 0;\">\n<div class=\"heading-title-side-border text-left \">\n<h3 class=\"text-uppercase \">Accessoires<\/h3>\n<div class=\"title-border-container\"><\/div>\n<\/div>\n<div class=\"row \">\n<div class=\"col-md-12\" style=\"padding-right: 0px; padding-left: 0px;\">\n<div class=\"portfolio portfolio-with-title portfolio-masonry col-3 gutter\" style=\"margin: 0px 0 !important;\">\n<div class=\"portfolio-item cat1 cat3 \">\n<div class=\"thumb\"><img decoding=\"async\" src=\"http:\/\/www.medicus.tn\/wp-content\/uploads\/2017\/03\/ed4364a5af29f934f53b381c788d8116\" alt=\"\" \/><\/p>\n<div class=\"portfolio-hover\"><\/div>\n<\/div>\n<div class=\"portfolio-title\" style=\"padding-right: 5px; padding-left: 5px;\"><\/div>\n<\/div>\n<div class=\"portfolio-item cat1 cat3 \">\n<div class=\"thumb\"><img decoding=\"async\" src=\"http:\/\/www.medicus.tn\/wp-content\/uploads\/2017\/03\/5f2cd5b6ed43c3c31bbe54886ad0f5aa\" alt=\"\" \/><\/p>\n<div class=\"portfolio-hover\"><\/div>\n<\/div>\n<div class=\"portfolio-title\" style=\"padding-right: 5px; padding-left: 5px;\"><\/div>\n<\/div>\n<div class=\"portfolio-item cat1 cat3 \">\n<div class=\"thumb\"><img decoding=\"async\" src=\"http:\/\/www.medicus.tn\/wp-content\/uploads\/2017\/03\/8189482945b5d70edc7139d19b05b747\" alt=\"\" \/><\/p>\n<div class=\"portfolio-hover\"><\/div>\n<\/div>\n<div class=\"portfolio-title\" style=\"padding-right: 5px; padding-left: 5px;\"><\/div>\n<\/div>\n<div class=\"portfolio-item cat1 cat3 \">\n<div class=\"thumb\"><img decoding=\"async\" src=\"http:\/\/www.medicus.tn\/wp-content\/uploads\/2017\/03\/838fa5c4ed59cdb406b587ff7fc44a8e\" alt=\"\" \/><\/p>\n<div class=\"portfolio-hover\"><\/div>\n<\/div>\n<div class=\"portfolio-title\" style=\"padding-right: 5px; padding-left: 5px;\"><\/div>\n<\/div>\n<\/div>\n<\/div>\n<\/div>\n<\/section>\n<\/div>\n","protected":false},"excerpt":{"rendered":"<p>Capable of making lateral movement to the left and right Able to make Trendelenburg movement, foot, back, height with the help of engine Manual command Nurse Control Panel Lockable back and foot motor function with nurse control Mechanical CPR (flat position of the dorsal part of the bed in case of emergency.) Electronic CPR Fowler<\/p>\n","protected":false},"featured_media":4763,"comment_status":"closed","ping_status":"closed","template":"","meta":[],"product_brand":[],"product_cat":[192,184],"product_tag":[],"class_list":{"0":"post-4008","1":"product","2":"type-product","3":"status-publish","4":"has-post-thumbnail","6":"product_cat-hospital-bed","7":"product_cat-medical-furniture","9":"first","10":"instock","11":"shipping-taxable","12":"product-type-simple","13":"prodpage-style3"},"yoast_head":"<!-- This site is optimized with the Yoast SEO plugin v27.4 - https:\/\/yoast.com\/product\/yoast-seo-wordpress\/ -->\n<title>NITRO HB 5110 BED INTENSIVE CARE LATERAL FIVE MOTORS - Medicus sfax<\/title>\n<meta name=\"robots\" content=\"index, follow, max-snippet:-1, max-image-preview:large, max-video-preview:-1\" \/>\n<link rel=\"canonical\" href=\"https:\/\/www.medicus.tn\/produit\/nitro-hb-5110-lit-de-soins-intensifs-lateral-cinque-moteurs\/\" \/>\n<meta property=\"og:locale\" content=\"en_US\" \/>\n<meta property=\"og:type\" content=\"article\" \/>\n<meta property=\"og:title\" content=\"NITRO HB 5110 BED INTENSIVE CARE LATERAL FIVE MOTORS - Medicus sfax\" \/>\n<meta property=\"og:description\" content=\"Capable of making lateral movement to the left and right Able to make Trendelenburg movement, foot, back, height with the help of engine Manual command Nurse Control Panel Lockable back and foot motor function with nurse control Mechanical CPR (flat position of the dorsal part of the bed in case of emergency.) Electronic CPR Fowler\" \/>\n<meta property=\"og:url\" content=\"https:\/\/www.medicus.tn\/produit\/nitro-hb-5110-lit-de-soins-intensifs-lateral-cinque-moteurs\/\" \/>\n<meta property=\"og:site_name\" content=\"Medicus sfax\" \/>\n<meta property=\"article:publisher\" content=\"https:\/\/www.facebook.com\/profile.php?id=100009488798021\" \/>\n<meta property=\"article:modified_time\" content=\"2017-11-30T21:48:10+00:00\" \/>\n<meta property=\"og:image\" content=\"https:\/\/www.medicus.tn\/wp-content\/uploads\/2017\/03\/9f880053ab3fdedcb39e19183de16e21\" \/>\n\t<meta property=\"og:image:width\" content=\"818\" \/>\n\t<meta property=\"og:image:height\" content=\"635\" \/>\n\t<meta property=\"og:image:type\" content=\"image\/jpeg\" \/>\n<meta name=\"twitter:card\" content=\"summary_large_image\" \/>\n<meta name=\"twitter:label1\" content=\"Est. reading time\" \/>\n\t<meta name=\"twitter:data1\" content=\"1 minute\" \/>\n<script type=\"application\/ld+json\" class=\"yoast-schema-graph\">{\"@context\":\"https:\\\/\\\/schema.org\",\"@graph\":[{\"@type\":\"WebPage\",\"@id\":\"https:\\\/\\\/www.medicus.tn\\\/produit\\\/nitro-hb-5110-lit-de-soins-intensifs-lateral-cinque-moteurs\\\/\",\"url\":\"https:\\\/\\\/www.medicus.tn\\\/produit\\\/nitro-hb-5110-lit-de-soins-intensifs-lateral-cinque-moteurs\\\/\",\"name\":\"NITRO HB 5110 BED INTENSIVE CARE LATERAL FIVE MOTORS - Medicus sfax\",\"isPartOf\":{\"@id\":\"https:\\\/\\\/www.medicus.tn\\\/en\\\/#website\"},\"primaryImageOfPage\":{\"@id\":\"https:\\\/\\\/www.medicus.tn\\\/produit\\\/nitro-hb-5110-lit-de-soins-intensifs-lateral-cinque-moteurs\\\/#primaryimage\"},\"image\":{\"@id\":\"https:\\\/\\\/www.medicus.tn\\\/produit\\\/nitro-hb-5110-lit-de-soins-intensifs-lateral-cinque-moteurs\\\/#primaryimage\"},\"thumbnailUrl\":\"https:\\\/\\\/www.medicus.tn\\\/wp-content\\\/uploads\\\/2017\\\/03\\\/9f880053ab3fdedcb39e19183de16e21\",\"datePublished\":\"2017-10-05T15:40:06+00:00\",\"dateModified\":\"2017-11-30T21:48:10+00:00\",\"breadcrumb\":{\"@id\":\"https:\\\/\\\/www.medicus.tn\\\/produit\\\/nitro-hb-5110-lit-de-soins-intensifs-lateral-cinque-moteurs\\\/#breadcrumb\"},\"inLanguage\":\"en-US\",\"potentialAction\":[{\"@type\":\"ReadAction\",\"target\":[\"https:\\\/\\\/www.medicus.tn\\\/produit\\\/nitro-hb-5110-lit-de-soins-intensifs-lateral-cinque-moteurs\\\/\"]}]},{\"@type\":\"ImageObject\",\"inLanguage\":\"en-US\",\"@id\":\"https:\\\/\\\/www.medicus.tn\\\/produit\\\/nitro-hb-5110-lit-de-soins-intensifs-lateral-cinque-moteurs\\\/#primaryimage\",\"url\":\"https:\\\/\\\/www.medicus.tn\\\/wp-content\\\/uploads\\\/2017\\\/03\\\/9f880053ab3fdedcb39e19183de16e21\",\"contentUrl\":\"https:\\\/\\\/www.medicus.tn\\\/wp-content\\\/uploads\\\/2017\\\/03\\\/9f880053ab3fdedcb39e19183de16e21\",\"width\":818,\"height\":635},{\"@type\":\"BreadcrumbList\",\"@id\":\"https:\\\/\\\/www.medicus.tn\\\/produit\\\/nitro-hb-5110-lit-de-soins-intensifs-lateral-cinque-moteurs\\\/#breadcrumb\",\"itemListElement\":[{\"@type\":\"ListItem\",\"position\":1,\"name\":\"Accueil\",\"item\":\"https:\\\/\\\/www.medicus.tn\\\/en\\\/\"},{\"@type\":\"ListItem\",\"position\":2,\"name\":\"Nos Produits\",\"item\":\"https:\\\/\\\/www.medicus.tn\\\/en\\\/ours-products\\\/\"},{\"@type\":\"ListItem\",\"position\":3,\"name\":\"NITRO HB 5110 BED INTENSIVE CARE LATERAL FIVE MOTORS\"}]},{\"@type\":\"WebSite\",\"@id\":\"https:\\\/\\\/www.medicus.tn\\\/en\\\/#website\",\"url\":\"https:\\\/\\\/www.medicus.tn\\\/en\\\/\",\"name\":\"Medicus sfax\",\"description\":\"vente en gros du mat\u00e9riel m\u00e9dical sfax\",\"publisher\":{\"@id\":\"https:\\\/\\\/www.medicus.tn\\\/en\\\/#organization\"},\"potentialAction\":[{\"@type\":\"SearchAction\",\"target\":{\"@type\":\"EntryPoint\",\"urlTemplate\":\"https:\\\/\\\/www.medicus.tn\\\/en\\\/?s={search_term_string}\"},\"query-input\":{\"@type\":\"PropertyValueSpecification\",\"valueRequired\":true,\"valueName\":\"search_term_string\"}}],\"inLanguage\":\"en-US\"},{\"@type\":\"Organization\",\"@id\":\"https:\\\/\\\/www.medicus.tn\\\/en\\\/#organization\",\"name\":\"Medicus\",\"url\":\"https:\\\/\\\/www.medicus.tn\\\/en\\\/\",\"logo\":{\"@type\":\"ImageObject\",\"inLanguage\":\"en-US\",\"@id\":\"https:\\\/\\\/www.medicus.tn\\\/en\\\/#\\\/schema\\\/logo\\\/image\\\/\",\"url\":\"https:\\\/\\\/www.medicus.tn\\\/wp-content\\\/uploads\\\/2017\\\/01\\\/Logo-Medicus-1-1.png\",\"contentUrl\":\"https:\\\/\\\/www.medicus.tn\\\/wp-content\\\/uploads\\\/2017\\\/01\\\/Logo-Medicus-1-1.png\",\"width\":200,\"height\":82,\"caption\":\"Medicus\"},\"image\":{\"@id\":\"https:\\\/\\\/www.medicus.tn\\\/en\\\/#\\\/schema\\\/logo\\\/image\\\/\"},\"sameAs\":[\"https:\\\/\\\/www.facebook.com\\\/profile.php?id=100009488798021\"]}]}<\/script>\n<!-- \/ Yoast SEO plugin. -->","yoast_head_json":{"title":"NITRO HB 5110 BED INTENSIVE CARE LATERAL FIVE MOTORS - Medicus sfax","robots":{"index":"index","follow":"follow","max-snippet":"max-snippet:-1","max-image-preview":"max-image-preview:large","max-video-preview":"max-video-preview:-1"},"canonical":"https:\/\/www.medicus.tn\/produit\/nitro-hb-5110-lit-de-soins-intensifs-lateral-cinque-moteurs\/","og_locale":"en_US","og_type":"article","og_title":"NITRO HB 5110 BED INTENSIVE CARE LATERAL FIVE MOTORS - Medicus sfax","og_description":"Capable of making lateral movement to the left and right Able to make Trendelenburg movement, foot, back, height with the help of engine Manual command Nurse Control Panel Lockable back and foot motor function with nurse control Mechanical CPR (flat position of the dorsal part of the bed in case of emergency.) Electronic CPR Fowler","og_url":"https:\/\/www.medicus.tn\/produit\/nitro-hb-5110-lit-de-soins-intensifs-lateral-cinque-moteurs\/","og_site_name":"Medicus sfax","article_publisher":"https:\/\/www.facebook.com\/profile.php?id=100009488798021","article_modified_time":"2017-11-30T21:48:10+00:00","og_image":[{"width":818,"height":635,"url":"https:\/\/www.medicus.tn\/wp-content\/uploads\/2017\/03\/9f880053ab3fdedcb39e19183de16e21","type":"image\/jpeg"}],"twitter_card":"summary_large_image","twitter_misc":{"Est. reading time":"1 minute"},"schema":{"@context":"https:\/\/schema.org","@graph":[{"@type":"WebPage","@id":"https:\/\/www.medicus.tn\/produit\/nitro-hb-5110-lit-de-soins-intensifs-lateral-cinque-moteurs\/","url":"https:\/\/www.medicus.tn\/produit\/nitro-hb-5110-lit-de-soins-intensifs-lateral-cinque-moteurs\/","name":"NITRO HB 5110 BED INTENSIVE CARE LATERAL FIVE MOTORS - Medicus sfax","isPartOf":{"@id":"https:\/\/www.medicus.tn\/en\/#website"},"primaryImageOfPage":{"@id":"https:\/\/www.medicus.tn\/produit\/nitro-hb-5110-lit-de-soins-intensifs-lateral-cinque-moteurs\/#primaryimage"},"image":{"@id":"https:\/\/www.medicus.tn\/produit\/nitro-hb-5110-lit-de-soins-intensifs-lateral-cinque-moteurs\/#primaryimage"},"thumbnailUrl":"https:\/\/www.medicus.tn\/wp-content\/uploads\/2017\/03\/9f880053ab3fdedcb39e19183de16e21","datePublished":"2017-10-05T15:40:06+00:00","dateModified":"2017-11-30T21:48:10+00:00","breadcrumb":{"@id":"https:\/\/www.medicus.tn\/produit\/nitro-hb-5110-lit-de-soins-intensifs-lateral-cinque-moteurs\/#breadcrumb"},"inLanguage":"en-US","potentialAction":[{"@type":"ReadAction","target":["https:\/\/www.medicus.tn\/produit\/nitro-hb-5110-lit-de-soins-intensifs-lateral-cinque-moteurs\/"]}]},{"@type":"ImageObject","inLanguage":"en-US","@id":"https:\/\/www.medicus.tn\/produit\/nitro-hb-5110-lit-de-soins-intensifs-lateral-cinque-moteurs\/#primaryimage","url":"https:\/\/www.medicus.tn\/wp-content\/uploads\/2017\/03\/9f880053ab3fdedcb39e19183de16e21","contentUrl":"https:\/\/www.medicus.tn\/wp-content\/uploads\/2017\/03\/9f880053ab3fdedcb39e19183de16e21","width":818,"height":635},{"@type":"BreadcrumbList","@id":"https:\/\/www.medicus.tn\/produit\/nitro-hb-5110-lit-de-soins-intensifs-lateral-cinque-moteurs\/#breadcrumb","itemListElement":[{"@type":"ListItem","position":1,"name":"Accueil","item":"https:\/\/www.medicus.tn\/en\/"},{"@type":"ListItem","position":2,"name":"Nos Produits","item":"https:\/\/www.medicus.tn\/en\/ours-products\/"},{"@type":"ListItem","position":3,"name":"NITRO HB 5110 BED INTENSIVE CARE LATERAL FIVE MOTORS"}]},{"@type":"WebSite","@id":"https:\/\/www.medicus.tn\/en\/#website","url":"https:\/\/www.medicus.tn\/en\/","name":"Medicus sfax","description":"vente en gros du mat\u00e9riel m\u00e9dical sfax","publisher":{"@id":"https:\/\/www.medicus.tn\/en\/#organization"},"potentialAction":[{"@type":"SearchAction","target":{"@type":"EntryPoint","urlTemplate":"https:\/\/www.medicus.tn\/en\/?s={search_term_string}"},"query-input":{"@type":"PropertyValueSpecification","valueRequired":true,"valueName":"search_term_string"}}],"inLanguage":"en-US"},{"@type":"Organization","@id":"https:\/\/www.medicus.tn\/en\/#organization","name":"Medicus","url":"https:\/\/www.medicus.tn\/en\/","logo":{"@type":"ImageObject","inLanguage":"en-US","@id":"https:\/\/www.medicus.tn\/en\/#\/schema\/logo\/image\/","url":"https:\/\/www.medicus.tn\/wp-content\/uploads\/2017\/01\/Logo-Medicus-1-1.png","contentUrl":"https:\/\/www.medicus.tn\/wp-content\/uploads\/2017\/01\/Logo-Medicus-1-1.png","width":200,"height":82,"caption":"Medicus"},"image":{"@id":"https:\/\/www.medicus.tn\/en\/#\/schema\/logo\/image\/"},"sameAs":["https:\/\/www.facebook.com\/profile.php?id=100009488798021"]}]}},"_links":{"self":[{"href":"https:\/\/www.medicus.tn\/en\/wp-json\/wp\/v2\/product\/4008","targetHints":{"allow":["GET"]}}],"collection":[{"href":"https:\/\/www.medicus.tn\/en\/wp-json\/wp\/v2\/product"}],"about":[{"href":"https:\/\/www.medicus.tn\/en\/wp-json\/wp\/v2\/types\/product"}],"replies":[{"embeddable":true,"href":"https:\/\/www.medicus.tn\/en\/wp-json\/wp\/v2\/comments?post=4008"}],"wp:featuredmedia":[{"embeddable":true,"href":"https:\/\/www.medicus.tn\/en\/wp-json\/wp\/v2\/media\/4763"}],"wp:attachment":[{"href":"https:\/\/www.medicus.tn\/en\/wp-json\/wp\/v2\/media?parent=4008"}],"wp:term":[{"taxonomy":"product_brand","embeddable":true,"href":"https:\/\/www.medicus.tn\/en\/wp-json\/wp\/v2\/product_brand?post=4008"},{"taxonomy":"product_cat","embeddable":true,"href":"https:\/\/www.medicus.tn\/en\/wp-json\/wp\/v2\/product_cat?post=4008"},{"taxonomy":"product_tag","embeddable":true,"href":"https:\/\/www.medicus.tn\/en\/wp-json\/wp\/v2\/product_tag?post=4008"}],"curies":[{"name":"wp","href":"https:\/\/api.w.org\/{rel}","templated":true}]}}