{"id":4044,"date":"2017-10-05T19:53:52","date_gmt":"2017-10-05T17:53:52","guid":{"rendered":"http:\/\/www.medicus.tn\/?post_type=product&#038;p=4044"},"modified":"2017-11-30T23:09:00","modified_gmt":"2017-11-30T22:09:00","slug":"cervical-collar-with-support","status":"publish","type":"product","link":"https:\/\/www.medicus.tn\/en\/produit\/cervical-collar-with-support\/","title":{"rendered":"cervical collar with support"},"content":{"rendered":"<p>\u2022 Neck arthritis,<br \/>\n\u2022 collar fracture,<br \/>\n\u2022 Used with cervical hernia advice from the doctor.<br \/>\n\u2022 neck makes the extansio of situation.<br \/>\n\u2022 Adjustment of the height is done with the help of Velcro.<\/p>\n<p>&nbsp;<\/p>\n<table border=\"0\" width=\"200\" cellspacing=\"0\" cellpadding=\"4\">\n<tbody>\n<tr>\n<td colspan=\"2\" bgcolor=\"#333333\">\n<p align=\"center\"><span style=\"color: #ffffff;\">CODE &#8211; 202 D\u00c9CLARATION DE MESURE<\/span><\/p>\n<\/td>\n<\/tr>\n<tr>\n<td align=\"center\" bgcolor=\"#808080\"><span style=\"color: #ffffff;\">Tour de cou (cm)<\/span><\/td>\n<td align=\"center\" bgcolor=\"#808080\"><span style=\"color: #ffffff;\">Aucun corsets<\/span><\/td>\n<\/tr>\n<tr>\n<td align=\"center\" bgcolor=\"#999999\">22\u00e8me-27\u00e8me<\/td>\n<td align=\"center\" bgcolor=\"#c0c0c0\">S (1)<\/td>\n<\/tr>\n<tr>\n<td align=\"center\" bgcolor=\"#999999\">27-32<\/td>\n<td align=\"center\" bgcolor=\"#c0c0c0\">M (2)<\/td>\n<\/tr>\n<tr>\n<td align=\"center\" bgcolor=\"#999999\">32-38<\/td>\n<td align=\"center\" bgcolor=\"#c0c0c0\">L (3)<\/td>\n<\/tr>\n<tr>\n<td align=\"center\" bgcolor=\"#999999\">38-44<\/td>\n<td align=\"center\" bgcolor=\"#c0c0c0\">XL (4)<\/td>\n<\/tr>\n<tr>\n<td align=\"center\" bgcolor=\"#999999\">44-50<\/td>\n<td align=\"center\" bgcolor=\"#c0c0c0\">XXL (5)<\/td>\n<\/tr>\n<\/tbody>\n<\/table>\n","protected":false},"excerpt":{"rendered":"<p>\u2022 Neck arthritis, \u2022 collar fracture, \u2022 Used with cervical hernia advice from the doctor. \u2022 neck makes the extansio of situation. \u2022 Adjustment of the height is done with the help of Velcro. &nbsp; CODE &#8211; 202 D\u00c9CLARATION DE MESURE Tour de cou (cm) Aucun corsets 22\u00e8me-27\u00e8me S (1) 27-32 M (2) 32-38 L<\/p>\n","protected":false},"featured_media":4689,"comment_status":"open","ping_status":"closed","template":"","meta":[],"product_brand":[],"product_cat":[215,208],"product_tag":[],"class_list":{"0":"post-4044","1":"product","2":"type-product","3":"status-publish","4":"has-post-thumbnail","6":"product_cat-orthotics-orthopedic","7":"product_cat-paramedic","9":"first","10":"instock","11":"shipping-taxable","12":"product-type-simple","13":"prodpage-style3"},"yoast_head":"<!-- This site is optimized with the Yoast SEO plugin v27.4 - https:\/\/yoast.com\/product\/yoast-seo-wordpress\/ -->\n<title>cervical collar with support - Medicus sfax<\/title>\n<meta name=\"robots\" content=\"index, follow, max-snippet:-1, max-image-preview:large, max-video-preview:-1\" \/>\n<link rel=\"canonical\" href=\"https:\/\/www.medicus.tn\/en\/produit\/cervical-collar-with-support\/\" \/>\n<meta property=\"og:locale\" content=\"en_US\" \/>\n<meta property=\"og:type\" content=\"article\" \/>\n<meta property=\"og:title\" content=\"cervical collar with support - Medicus sfax\" \/>\n<meta property=\"og:description\" content=\"\u2022 Neck arthritis, \u2022 collar fracture, \u2022 Used with cervical hernia advice from the doctor. \u2022 neck makes the extansio of situation. \u2022 Adjustment of the height is done with the help of Velcro. &nbsp; CODE &#8211; 202 D\u00c9CLARATION DE MESURE Tour de cou (cm) Aucun corsets 22\u00e8me-27\u00e8me S (1) 27-32 M (2) 32-38 L\" \/>\n<meta property=\"og:url\" content=\"https:\/\/www.medicus.tn\/en\/produit\/cervical-collar-with-support\/\" \/>\n<meta property=\"og:site_name\" content=\"Medicus sfax\" \/>\n<meta property=\"article:publisher\" content=\"https:\/\/www.facebook.com\/profile.php?id=100009488798021\" \/>\n<meta property=\"article:modified_time\" content=\"2017-11-30T22:09:00+00:00\" \/>\n<meta property=\"og:image\" content=\"https:\/\/www.medicus.tn\/wp-content\/uploads\/2017\/01\/kod_202_20110627_065607.png\" \/>\n\t<meta property=\"og:image:width\" content=\"341\" \/>\n\t<meta property=\"og:image:height\" content=\"417\" \/>\n\t<meta property=\"og:image:type\" content=\"image\/png\" \/>\n<meta name=\"twitter:card\" content=\"summary_large_image\" \/>\n<script type=\"application\/ld+json\" class=\"yoast-schema-graph\">{\"@context\":\"https:\\\/\\\/schema.org\",\"@graph\":[{\"@type\":\"WebPage\",\"@id\":\"https:\\\/\\\/www.medicus.tn\\\/en\\\/produit\\\/cervical-collar-with-support\\\/\",\"url\":\"https:\\\/\\\/www.medicus.tn\\\/en\\\/produit\\\/cervical-collar-with-support\\\/\",\"name\":\"cervical collar with support - Medicus sfax\",\"isPartOf\":{\"@id\":\"https:\\\/\\\/www.medicus.tn\\\/en\\\/#website\"},\"primaryImageOfPage\":{\"@id\":\"https:\\\/\\\/www.medicus.tn\\\/en\\\/produit\\\/cervical-collar-with-support\\\/#primaryimage\"},\"image\":{\"@id\":\"https:\\\/\\\/www.medicus.tn\\\/en\\\/produit\\\/cervical-collar-with-support\\\/#primaryimage\"},\"thumbnailUrl\":\"https:\\\/\\\/www.medicus.tn\\\/wp-content\\\/uploads\\\/2017\\\/01\\\/kod_202_20110627_065607.png\",\"datePublished\":\"2017-10-05T17:53:52+00:00\",\"dateModified\":\"2017-11-30T22:09:00+00:00\",\"breadcrumb\":{\"@id\":\"https:\\\/\\\/www.medicus.tn\\\/en\\\/produit\\\/cervical-collar-with-support\\\/#breadcrumb\"},\"inLanguage\":\"en-US\",\"potentialAction\":[{\"@type\":\"ReadAction\",\"target\":[\"https:\\\/\\\/www.medicus.tn\\\/en\\\/produit\\\/cervical-collar-with-support\\\/\"]}]},{\"@type\":\"ImageObject\",\"inLanguage\":\"en-US\",\"@id\":\"https:\\\/\\\/www.medicus.tn\\\/en\\\/produit\\\/cervical-collar-with-support\\\/#primaryimage\",\"url\":\"https:\\\/\\\/www.medicus.tn\\\/wp-content\\\/uploads\\\/2017\\\/01\\\/kod_202_20110627_065607.png\",\"contentUrl\":\"https:\\\/\\\/www.medicus.tn\\\/wp-content\\\/uploads\\\/2017\\\/01\\\/kod_202_20110627_065607.png\",\"width\":341,\"height\":417},{\"@type\":\"BreadcrumbList\",\"@id\":\"https:\\\/\\\/www.medicus.tn\\\/en\\\/produit\\\/cervical-collar-with-support\\\/#breadcrumb\",\"itemListElement\":[{\"@type\":\"ListItem\",\"position\":1,\"name\":\"Accueil\",\"item\":\"https:\\\/\\\/www.medicus.tn\\\/en\\\/\"},{\"@type\":\"ListItem\",\"position\":2,\"name\":\"Nos Produits\",\"item\":\"https:\\\/\\\/www.medicus.tn\\\/en\\\/ours-products\\\/\"},{\"@type\":\"ListItem\",\"position\":3,\"name\":\"cervical collar with support\"}]},{\"@type\":\"WebSite\",\"@id\":\"https:\\\/\\\/www.medicus.tn\\\/en\\\/#website\",\"url\":\"https:\\\/\\\/www.medicus.tn\\\/en\\\/\",\"name\":\"Medicus sfax\",\"description\":\"vente en gros du mat\u00e9riel m\u00e9dical sfax\",\"publisher\":{\"@id\":\"https:\\\/\\\/www.medicus.tn\\\/en\\\/#organization\"},\"potentialAction\":[{\"@type\":\"SearchAction\",\"target\":{\"@type\":\"EntryPoint\",\"urlTemplate\":\"https:\\\/\\\/www.medicus.tn\\\/en\\\/?s={search_term_string}\"},\"query-input\":{\"@type\":\"PropertyValueSpecification\",\"valueRequired\":true,\"valueName\":\"search_term_string\"}}],\"inLanguage\":\"en-US\"},{\"@type\":\"Organization\",\"@id\":\"https:\\\/\\\/www.medicus.tn\\\/en\\\/#organization\",\"name\":\"Medicus\",\"url\":\"https:\\\/\\\/www.medicus.tn\\\/en\\\/\",\"logo\":{\"@type\":\"ImageObject\",\"inLanguage\":\"en-US\",\"@id\":\"https:\\\/\\\/www.medicus.tn\\\/en\\\/#\\\/schema\\\/logo\\\/image\\\/\",\"url\":\"https:\\\/\\\/www.medicus.tn\\\/wp-content\\\/uploads\\\/2017\\\/01\\\/Logo-Medicus-1-1.png\",\"contentUrl\":\"https:\\\/\\\/www.medicus.tn\\\/wp-content\\\/uploads\\\/2017\\\/01\\\/Logo-Medicus-1-1.png\",\"width\":200,\"height\":82,\"caption\":\"Medicus\"},\"image\":{\"@id\":\"https:\\\/\\\/www.medicus.tn\\\/en\\\/#\\\/schema\\\/logo\\\/image\\\/\"},\"sameAs\":[\"https:\\\/\\\/www.facebook.com\\\/profile.php?id=100009488798021\"]}]}<\/script>\n<!-- \/ Yoast SEO plugin. -->","yoast_head_json":{"title":"cervical collar with support - Medicus sfax","robots":{"index":"index","follow":"follow","max-snippet":"max-snippet:-1","max-image-preview":"max-image-preview:large","max-video-preview":"max-video-preview:-1"},"canonical":"https:\/\/www.medicus.tn\/en\/produit\/cervical-collar-with-support\/","og_locale":"en_US","og_type":"article","og_title":"cervical collar with support - Medicus sfax","og_description":"\u2022 Neck arthritis, \u2022 collar fracture, \u2022 Used with cervical hernia advice from the doctor. \u2022 neck makes the extansio of situation. \u2022 Adjustment of the height is done with the help of Velcro. &nbsp; CODE &#8211; 202 D\u00c9CLARATION DE MESURE Tour de cou (cm) Aucun corsets 22\u00e8me-27\u00e8me S (1) 27-32 M (2) 32-38 L","og_url":"https:\/\/www.medicus.tn\/en\/produit\/cervical-collar-with-support\/","og_site_name":"Medicus sfax","article_publisher":"https:\/\/www.facebook.com\/profile.php?id=100009488798021","article_modified_time":"2017-11-30T22:09:00+00:00","og_image":[{"width":341,"height":417,"url":"https:\/\/www.medicus.tn\/wp-content\/uploads\/2017\/01\/kod_202_20110627_065607.png","type":"image\/png"}],"twitter_card":"summary_large_image","schema":{"@context":"https:\/\/schema.org","@graph":[{"@type":"WebPage","@id":"https:\/\/www.medicus.tn\/en\/produit\/cervical-collar-with-support\/","url":"https:\/\/www.medicus.tn\/en\/produit\/cervical-collar-with-support\/","name":"cervical collar with support - Medicus sfax","isPartOf":{"@id":"https:\/\/www.medicus.tn\/en\/#website"},"primaryImageOfPage":{"@id":"https:\/\/www.medicus.tn\/en\/produit\/cervical-collar-with-support\/#primaryimage"},"image":{"@id":"https:\/\/www.medicus.tn\/en\/produit\/cervical-collar-with-support\/#primaryimage"},"thumbnailUrl":"https:\/\/www.medicus.tn\/wp-content\/uploads\/2017\/01\/kod_202_20110627_065607.png","datePublished":"2017-10-05T17:53:52+00:00","dateModified":"2017-11-30T22:09:00+00:00","breadcrumb":{"@id":"https:\/\/www.medicus.tn\/en\/produit\/cervical-collar-with-support\/#breadcrumb"},"inLanguage":"en-US","potentialAction":[{"@type":"ReadAction","target":["https:\/\/www.medicus.tn\/en\/produit\/cervical-collar-with-support\/"]}]},{"@type":"ImageObject","inLanguage":"en-US","@id":"https:\/\/www.medicus.tn\/en\/produit\/cervical-collar-with-support\/#primaryimage","url":"https:\/\/www.medicus.tn\/wp-content\/uploads\/2017\/01\/kod_202_20110627_065607.png","contentUrl":"https:\/\/www.medicus.tn\/wp-content\/uploads\/2017\/01\/kod_202_20110627_065607.png","width":341,"height":417},{"@type":"BreadcrumbList","@id":"https:\/\/www.medicus.tn\/en\/produit\/cervical-collar-with-support\/#breadcrumb","itemListElement":[{"@type":"ListItem","position":1,"name":"Accueil","item":"https:\/\/www.medicus.tn\/en\/"},{"@type":"ListItem","position":2,"name":"Nos Produits","item":"https:\/\/www.medicus.tn\/en\/ours-products\/"},{"@type":"ListItem","position":3,"name":"cervical collar with support"}]},{"@type":"WebSite","@id":"https:\/\/www.medicus.tn\/en\/#website","url":"https:\/\/www.medicus.tn\/en\/","name":"Medicus sfax","description":"vente en gros du mat\u00e9riel m\u00e9dical sfax","publisher":{"@id":"https:\/\/www.medicus.tn\/en\/#organization"},"potentialAction":[{"@type":"SearchAction","target":{"@type":"EntryPoint","urlTemplate":"https:\/\/www.medicus.tn\/en\/?s={search_term_string}"},"query-input":{"@type":"PropertyValueSpecification","valueRequired":true,"valueName":"search_term_string"}}],"inLanguage":"en-US"},{"@type":"Organization","@id":"https:\/\/www.medicus.tn\/en\/#organization","name":"Medicus","url":"https:\/\/www.medicus.tn\/en\/","logo":{"@type":"ImageObject","inLanguage":"en-US","@id":"https:\/\/www.medicus.tn\/en\/#\/schema\/logo\/image\/","url":"https:\/\/www.medicus.tn\/wp-content\/uploads\/2017\/01\/Logo-Medicus-1-1.png","contentUrl":"https:\/\/www.medicus.tn\/wp-content\/uploads\/2017\/01\/Logo-Medicus-1-1.png","width":200,"height":82,"caption":"Medicus"},"image":{"@id":"https:\/\/www.medicus.tn\/en\/#\/schema\/logo\/image\/"},"sameAs":["https:\/\/www.facebook.com\/profile.php?id=100009488798021"]}]}},"_links":{"self":[{"href":"https:\/\/www.medicus.tn\/en\/wp-json\/wp\/v2\/product\/4044","targetHints":{"allow":["GET"]}}],"collection":[{"href":"https:\/\/www.medicus.tn\/en\/wp-json\/wp\/v2\/product"}],"about":[{"href":"https:\/\/www.medicus.tn\/en\/wp-json\/wp\/v2\/types\/product"}],"replies":[{"embeddable":true,"href":"https:\/\/www.medicus.tn\/en\/wp-json\/wp\/v2\/comments?post=4044"}],"wp:featuredmedia":[{"embeddable":true,"href":"https:\/\/www.medicus.tn\/en\/wp-json\/wp\/v2\/media\/4689"}],"wp:attachment":[{"href":"https:\/\/www.medicus.tn\/en\/wp-json\/wp\/v2\/media?parent=4044"}],"wp:term":[{"taxonomy":"product_brand","embeddable":true,"href":"https:\/\/www.medicus.tn\/en\/wp-json\/wp\/v2\/product_brand?post=4044"},{"taxonomy":"product_cat","embeddable":true,"href":"https:\/\/www.medicus.tn\/en\/wp-json\/wp\/v2\/product_cat?post=4044"},{"taxonomy":"product_tag","embeddable":true,"href":"https:\/\/www.medicus.tn\/en\/wp-json\/wp\/v2\/product_tag?post=4044"}],"curies":[{"name":"wp","href":"https:\/\/api.w.org\/{rel}","templated":true}]}}