{"id":4058,"date":"2017-10-05T22:31:03","date_gmt":"2017-10-05T20:31:03","guid":{"rendered":"http:\/\/www.medicus.tn\/?post_type=product&#038;p=4058"},"modified":"2017-11-30T23:11:34","modified_gmt":"2017-11-30T22:11:34","slug":"distributor-of-covers-sk-cl","status":"publish","type":"product","link":"https:\/\/www.medicus.tn\/en\/produit\/distributor-of-covers-sk-cl\/","title":{"rendered":"Distributor of \u00a0 covers SK-CL"},"content":{"rendered":"<table border=\"0\" width=\"100%\" cellspacing=\"0\" cellpadding=\"0\">\n<tbody>\n<tr>\n<td align=\"center\">\n<h1><span style=\"font-size: 16px; font-weight: normal;\">SK-CL lid distributor with coin selector<\/span><\/h1>\n<p><img decoding=\"async\" id=\"mypd\" src=\"http:\/\/www.sikerma.com\/uploads\/sk-cl%20coin%20small150522043112_b.jpg\" border=\"0\" \/><\/td>\n<\/tr>\n<tr>\n<td>Product Features:<br \/>\nIt helps the wearer to wear overshoes automatically. the user does not need to bend over to wear overshoes on his hands.<\/p>\n<p>Product Features:<\/p>\n<p>1- Intelligent control: Dispenser control parts are made up of PCB, motor, ect sensor, it can catch the shoe covers from the shoe cover and open to the user to wear. it also has these functions of safety protection, fault alarm, fault display error.<\/p>\n<p>2- Large capacity: It can contain max 200 pieces of shoe cover every time, it can be used after the user has put a shoe box in the dispenser, it is a very easy installation porcess.<\/p>\n<p>3- Balance of displayed shoe coverage quantities: The display screen of the distributor can display the equilibrium of the shoe coverage quantities, the numbers will be deducted one after the one pc of the shoe cover a been released.<\/p>\n<p>Advantage of the product:<\/p>\n<p><img loading=\"lazy\" decoding=\"async\" src=\"http:\/\/www.sikerma.com\/userfiles\/advantage1(1).jpg\" alt=\"\" width=\"1274\" height=\"826\" \/><\/p>\n<p><img loading=\"lazy\" decoding=\"async\" src=\"http:\/\/www.sikerma.com\/userfiles\/advantage2.jpg\" alt=\"\" width=\"1159\" height=\"868\" \/><\/p>\n<p><img loading=\"lazy\" decoding=\"async\" src=\"http:\/\/www.sikerma.com\/userfiles\/advantage3.jpg\" alt=\"\" width=\"1043\" height=\"808\" \/><\/p>\n<p><img loading=\"lazy\" decoding=\"async\" src=\"http:\/\/www.sikerma.com\/userfiles\/advantage4.jpg\" alt=\"\" width=\"1016\" height=\"715\" \/><\/p>\n<p>&nbsp;<\/p>\n<p>Manual:<\/p>\n<p>Shoe installation:<\/p>\n<p>The distributor of shoe covers should use the special shoe cover, and according to install the shoe cover as below directions.<\/p>\n<table border=\"3\" width=\"573\" cellspacing=\"1\" cellpadding=\"1\">\n<tbody>\n<tr>\n<td><img loading=\"lazy\" decoding=\"async\" src=\"http:\/\/www.sikerma.com\/userfiles\/shoe%20cover%20step1%20.jpg\" alt=\"\" width=\"143\" height=\"185\" \/><\/td>\n<td><img loading=\"lazy\" decoding=\"async\" src=\"http:\/\/www.sikerma.com\/userfiles\/shoe%20cover%20step2.jpg\" alt=\"\" width=\"160\" height=\"88\" \/><\/td>\n<td><img loading=\"lazy\" decoding=\"async\" src=\"http:\/\/www.sikerma.com\/userfiles\/shoe%20cover%20step%203.jpg\" alt=\"\" width=\"155\" height=\"150\" \/><\/td>\n<\/tr>\n<tr>\n<td><span style=\"font-size: small;\">\u00c9tape 1:<\/span><\/p>\n<p align=\"left\"><span style=\"color: #000000; font-family: Arial; font-size: small;\">Ouvrez le couvercle de la bo\u00eete de la couverture de chaussure et placez le poids de plastique dans la bo\u00eete<\/span><\/p>\n<\/td>\n<td><span style=\"font-size: small;\">\u00c9tape 2:<\/span><span style=\"font-size: small;\">Mettez la bo\u00eete de couverture de chaussure selon la direction indiqu\u00e9e dans le distributeur int\u00e9rieur de couverture de chaussure<\/span><\/td>\n<td><span style=\"font-size: small;\">\u00c9tape 3:<\/span><span style=\"font-size: small;\">Ferm\u00e9 sur le couvercle du distributeur de couvercle de chaussure<\/span><\/td>\n<\/tr>\n<\/tbody>\n<\/table>\n<p>&nbsp;<\/p>\n<p>Use on the dispenser:<\/p>\n<p>After the user is placed in a room, the machine will pull out a shoe cover automatically after it begins to work, a shoe cover will be worn on users of shoes when the user has put his \/ her foot and lower slightly into the dispenser. it will come out a shoe cover again after the user lift it \/ its foot.<\/p>\n<p>&nbsp;<\/p>\n<p>&nbsp;<\/p>\n<table border=\"1\" width=\"200\" cellspacing=\"1\" cellpadding=\"1\">\n<tbody>\n<tr>\n<td><img loading=\"lazy\" decoding=\"async\" src=\"http:\/\/www.sikerma.com\/userfiles\/coin(1).jpg\" alt=\"\" width=\"747\" height=\"709\" \/><\/td>\n<td><img loading=\"lazy\" decoding=\"async\" src=\"http:\/\/www.sikerma.com\/userfiles\/step%201.jpg\" alt=\"\" width=\"143\" height=\"131\" \/><\/td>\n<td><img loading=\"lazy\" decoding=\"async\" src=\"http:\/\/www.sikerma.com\/userfiles\/step%202.jpg\" alt=\"\" width=\"200\" height=\"162\" \/><\/td>\n<td><img loading=\"lazy\" decoding=\"async\" src=\"http:\/\/www.sikerma.com\/userfiles\/step%203.jpg\" alt=\"\" width=\"158\" height=\"109\" \/><\/td>\n<\/tr>\n<tr>\n<td>\n<p align=\"center\"><span style=\"font-size: medium;\">\u00e9tape 1<\/span><\/p>\n<\/td>\n<td>\n<p align=\"center\"><span style=\"font-size: medium;\">\u00e9tape 2<\/span><\/p>\n<\/td>\n<td>\n<p align=\"center\"><span style=\"font-size: medium;\">\u00e9tape 3<\/span><\/p>\n<\/td>\n<td>\n<p align=\"center\"><span style=\"font-size: medium;\">\u00e9tape 4<\/span><\/p>\n<\/td>\n<\/tr>\n<\/tbody>\n<\/table>\n<p>&nbsp;<\/p>\n<p>Special shoe covers:<\/p>\n<p>SK-CL shoe cover distributor must use these types of special shoe cover which special production and be folded to put in a special cardboard box, if you want to install the shoe cover, users just need to put the box entire cover of the shoe in it.<\/p>\n<p>shoe cover materials and capacity:<\/p>\n<p>PE shoes: 200 pcs \/ box<\/p>\n<p>Overshoes CPE: 160 pcs \/ box<\/p>\n<p>Non-woven shoe cover: 100pcs \/ box<\/p>\n<p>&nbsp;<\/p>\n<p>shoe cover materials and capacity:<\/p>\n<div>\n<table border=\"1\" width=\"200\" cellspacing=\"1\" cellpadding=\"1\">\n<tbody>\n<tr>\n<td><img loading=\"lazy\" decoding=\"async\" src=\"http:\/\/www.sikerma.com\/userfiles\/sk-cl%20shoe%20cover%20small(1).jpg\" alt=\"\" width=\"145\" height=\"296\" \/><\/td>\n<td><img loading=\"lazy\" decoding=\"async\" src=\"http:\/\/www.sikerma.com\/userfiles\/Special%20PE%20shoe%20cover(2).jpg\" alt=\"\" width=\"160\" height=\"230\" \/><\/td>\n<td><img loading=\"lazy\" decoding=\"async\" src=\"http:\/\/www.sikerma.com\/userfiles\/cpe%20shoe%20cover%201(1).jpg\" alt=\"\" width=\"132\" height=\"181\" \/><\/td>\n<td><img loading=\"lazy\" decoding=\"async\" src=\"http:\/\/www.sikerma.com\/userfiles\/non-woven%20shoe%20cover%20for%20SK-CA(3).jpg\" alt=\"\" width=\"142\" height=\"191\" \/><\/td>\n<\/tr>\n<tr>\n<td>Couvre chaussures<\/td>\n<td>1pce PE chaussure de protection<\/td>\n<td>1pce Couvre-chaussures CPE<\/td>\n<td>1pce non-tiss\u00e9<\/td>\n<\/tr>\n<tr>\n<td><\/td>\n<td>200pcs \/ bo\u00eete21box \/ CTN<\/p>\n<p>Taille: 79 * 48.5 * 60CM \/ CTN<\/p>\n<p>Poids: 16KG \/ CTN<\/td>\n<td>160pcs \/ bo\u00eete21box \/ CTN<\/p>\n<p>Taille: 79 * 48.5 * 60CM \/ CTN<\/p>\n<p>Poids: 16KG \/ CTN<\/td>\n<td>100pcs \/ bo\u00eete21box \/ CTN<\/p>\n<p>Taille: 79 * 48.5 * 60CM \/ CTN<\/p>\n<p>Poids: 16KG \/ CTN<\/td>\n<\/tr>\n<\/tbody>\n<\/table>\n<p>&nbsp;<\/p>\n<p>Scope of application:<\/p>\n<p>Hospital, Factory, Laboratory, Home, C Lean Room, Samplement Room and other places where need to keep clean.<\/p>\n<p>Product Parameters:<br \/>\nSize of the machine: L63 * W31 * H101 (cm)<br \/>\nexternal working power: AC220V 50Hz \/ AC110V 60Hz<br \/>\nPower: 50W Working Voltage: DC12V<br \/>\nshoe cover capability: &#8211; PE shoe cover: 200pcs &#8211; CPE shoe cover: 160pcs &#8211; Non-woven Overshoes: 100pcs Packing: 1set \/ cTN packing size: L68 * W36 * H105 (cm) \/ ctn gross weight: 28kg \/ ctn<\/p>\n<\/div>\n<\/td>\n<\/tr>\n<\/tbody>\n<\/table>\n","protected":false},"excerpt":{"rendered":"<p>SK-CL lid distributor with coin selector Product Features: It helps the wearer to wear overshoes automatically. the user does not need to bend over to wear overshoes on his hands. Product Features: 1- Intelligent control: Dispenser control parts are made up of PCB, motor, ect sensor, it can catch the shoe covers from the shoe<\/p>\n","protected":false},"featured_media":4676,"comment_status":"open","ping_status":"closed","template":"","meta":[],"product_brand":[],"product_cat":[155,156],"product_tag":[],"class_list":{"0":"post-4058","1":"product","2":"type-product","3":"status-publish","4":"has-post-thumbnail","6":"product_cat-hygiene-and-disinfection","7":"product_cat-shoes-cover-vending-machine-cleanchauss","9":"first","10":"instock","11":"shipping-taxable","12":"product-type-simple","13":"prodpage-style3"},"yoast_head":"<!-- This site is optimized with the Yoast SEO plugin v27.4 - https:\/\/yoast.com\/product\/yoast-seo-wordpress\/ -->\n<title>Distributor of \u00a0 covers SK-CL - Medicus sfax<\/title>\n<meta name=\"robots\" content=\"index, follow, max-snippet:-1, max-image-preview:large, max-video-preview:-1\" \/>\n<link rel=\"canonical\" href=\"https:\/\/www.medicus.tn\/en\/produit\/distributor-of-covers-sk-cl\/\" \/>\n<meta property=\"og:locale\" content=\"en_US\" \/>\n<meta property=\"og:type\" content=\"article\" \/>\n<meta property=\"og:title\" content=\"Distributor of \u00a0 covers SK-CL - Medicus sfax\" \/>\n<meta property=\"og:description\" content=\"SK-CL lid distributor with coin selector Product Features: It helps the wearer to wear overshoes automatically. the user does not need to bend over to wear overshoes on his hands. Product Features: 1- Intelligent control: Dispenser control parts are made up of PCB, motor, ect sensor, it can catch the shoe covers from the shoe\" \/>\n<meta property=\"og:url\" content=\"https:\/\/www.medicus.tn\/en\/produit\/distributor-of-covers-sk-cl\/\" \/>\n<meta property=\"og:site_name\" content=\"Medicus sfax\" \/>\n<meta property=\"article:publisher\" content=\"https:\/\/www.facebook.com\/profile.php?id=100009488798021\" \/>\n<meta property=\"article:modified_time\" content=\"2017-11-30T22:11:34+00:00\" \/>\n<meta property=\"og:image\" content=\"https:\/\/www.medicus.tn\/wp-content\/uploads\/2017\/01\/sk-cl-coin-small150522043112_b.jpg\" \/>\n\t<meta property=\"og:image:width\" content=\"368\" \/>\n\t<meta property=\"og:image:height\" content=\"413\" \/>\n\t<meta property=\"og:image:type\" content=\"image\/jpeg\" \/>\n<meta name=\"twitter:card\" content=\"summary_large_image\" \/>\n<meta name=\"twitter:label1\" content=\"Est. reading time\" \/>\n\t<meta name=\"twitter:data1\" content=\"3 minutes\" \/>\n<script type=\"application\/ld+json\" class=\"yoast-schema-graph\">{\"@context\":\"https:\\\/\\\/schema.org\",\"@graph\":[{\"@type\":\"WebPage\",\"@id\":\"https:\\\/\\\/www.medicus.tn\\\/en\\\/produit\\\/distributor-of-covers-sk-cl\\\/\",\"url\":\"https:\\\/\\\/www.medicus.tn\\\/en\\\/produit\\\/distributor-of-covers-sk-cl\\\/\",\"name\":\"Distributor of \u00a0 covers SK-CL - Medicus sfax\",\"isPartOf\":{\"@id\":\"https:\\\/\\\/www.medicus.tn\\\/en\\\/#website\"},\"primaryImageOfPage\":{\"@id\":\"https:\\\/\\\/www.medicus.tn\\\/en\\\/produit\\\/distributor-of-covers-sk-cl\\\/#primaryimage\"},\"image\":{\"@id\":\"https:\\\/\\\/www.medicus.tn\\\/en\\\/produit\\\/distributor-of-covers-sk-cl\\\/#primaryimage\"},\"thumbnailUrl\":\"https:\\\/\\\/www.medicus.tn\\\/wp-content\\\/uploads\\\/2017\\\/01\\\/sk-cl-coin-small150522043112_b.jpg\",\"datePublished\":\"2017-10-05T20:31:03+00:00\",\"dateModified\":\"2017-11-30T22:11:34+00:00\",\"breadcrumb\":{\"@id\":\"https:\\\/\\\/www.medicus.tn\\\/en\\\/produit\\\/distributor-of-covers-sk-cl\\\/#breadcrumb\"},\"inLanguage\":\"en-US\",\"potentialAction\":[{\"@type\":\"ReadAction\",\"target\":[\"https:\\\/\\\/www.medicus.tn\\\/en\\\/produit\\\/distributor-of-covers-sk-cl\\\/\"]}]},{\"@type\":\"ImageObject\",\"inLanguage\":\"en-US\",\"@id\":\"https:\\\/\\\/www.medicus.tn\\\/en\\\/produit\\\/distributor-of-covers-sk-cl\\\/#primaryimage\",\"url\":\"https:\\\/\\\/www.medicus.tn\\\/wp-content\\\/uploads\\\/2017\\\/01\\\/sk-cl-coin-small150522043112_b.jpg\",\"contentUrl\":\"https:\\\/\\\/www.medicus.tn\\\/wp-content\\\/uploads\\\/2017\\\/01\\\/sk-cl-coin-small150522043112_b.jpg\",\"width\":368,\"height\":413},{\"@type\":\"BreadcrumbList\",\"@id\":\"https:\\\/\\\/www.medicus.tn\\\/en\\\/produit\\\/distributor-of-covers-sk-cl\\\/#breadcrumb\",\"itemListElement\":[{\"@type\":\"ListItem\",\"position\":1,\"name\":\"Accueil\",\"item\":\"https:\\\/\\\/www.medicus.tn\\\/en\\\/\"},{\"@type\":\"ListItem\",\"position\":2,\"name\":\"Nos Produits\",\"item\":\"https:\\\/\\\/www.medicus.tn\\\/en\\\/ours-products\\\/\"},{\"@type\":\"ListItem\",\"position\":3,\"name\":\"Distributor of \u00a0 covers SK-CL\"}]},{\"@type\":\"WebSite\",\"@id\":\"https:\\\/\\\/www.medicus.tn\\\/en\\\/#website\",\"url\":\"https:\\\/\\\/www.medicus.tn\\\/en\\\/\",\"name\":\"Medicus sfax\",\"description\":\"vente en gros du mat\u00e9riel m\u00e9dical sfax\",\"publisher\":{\"@id\":\"https:\\\/\\\/www.medicus.tn\\\/en\\\/#organization\"},\"potentialAction\":[{\"@type\":\"SearchAction\",\"target\":{\"@type\":\"EntryPoint\",\"urlTemplate\":\"https:\\\/\\\/www.medicus.tn\\\/en\\\/?s={search_term_string}\"},\"query-input\":{\"@type\":\"PropertyValueSpecification\",\"valueRequired\":true,\"valueName\":\"search_term_string\"}}],\"inLanguage\":\"en-US\"},{\"@type\":\"Organization\",\"@id\":\"https:\\\/\\\/www.medicus.tn\\\/en\\\/#organization\",\"name\":\"Medicus\",\"url\":\"https:\\\/\\\/www.medicus.tn\\\/en\\\/\",\"logo\":{\"@type\":\"ImageObject\",\"inLanguage\":\"en-US\",\"@id\":\"https:\\\/\\\/www.medicus.tn\\\/en\\\/#\\\/schema\\\/logo\\\/image\\\/\",\"url\":\"https:\\\/\\\/www.medicus.tn\\\/wp-content\\\/uploads\\\/2017\\\/01\\\/Logo-Medicus-1-1.png\",\"contentUrl\":\"https:\\\/\\\/www.medicus.tn\\\/wp-content\\\/uploads\\\/2017\\\/01\\\/Logo-Medicus-1-1.png\",\"width\":200,\"height\":82,\"caption\":\"Medicus\"},\"image\":{\"@id\":\"https:\\\/\\\/www.medicus.tn\\\/en\\\/#\\\/schema\\\/logo\\\/image\\\/\"},\"sameAs\":[\"https:\\\/\\\/www.facebook.com\\\/profile.php?id=100009488798021\"]}]}<\/script>\n<!-- \/ Yoast SEO plugin. -->","yoast_head_json":{"title":"Distributor of \u00a0 covers SK-CL - Medicus sfax","robots":{"index":"index","follow":"follow","max-snippet":"max-snippet:-1","max-image-preview":"max-image-preview:large","max-video-preview":"max-video-preview:-1"},"canonical":"https:\/\/www.medicus.tn\/en\/produit\/distributor-of-covers-sk-cl\/","og_locale":"en_US","og_type":"article","og_title":"Distributor of \u00a0 covers SK-CL - Medicus sfax","og_description":"SK-CL lid distributor with coin selector Product Features: It helps the wearer to wear overshoes automatically. the user does not need to bend over to wear overshoes on his hands. Product Features: 1- Intelligent control: Dispenser control parts are made up of PCB, motor, ect sensor, it can catch the shoe covers from the shoe","og_url":"https:\/\/www.medicus.tn\/en\/produit\/distributor-of-covers-sk-cl\/","og_site_name":"Medicus sfax","article_publisher":"https:\/\/www.facebook.com\/profile.php?id=100009488798021","article_modified_time":"2017-11-30T22:11:34+00:00","og_image":[{"width":368,"height":413,"url":"https:\/\/www.medicus.tn\/wp-content\/uploads\/2017\/01\/sk-cl-coin-small150522043112_b.jpg","type":"image\/jpeg"}],"twitter_card":"summary_large_image","twitter_misc":{"Est. reading time":"3 minutes"},"schema":{"@context":"https:\/\/schema.org","@graph":[{"@type":"WebPage","@id":"https:\/\/www.medicus.tn\/en\/produit\/distributor-of-covers-sk-cl\/","url":"https:\/\/www.medicus.tn\/en\/produit\/distributor-of-covers-sk-cl\/","name":"Distributor of \u00a0 covers SK-CL - Medicus sfax","isPartOf":{"@id":"https:\/\/www.medicus.tn\/en\/#website"},"primaryImageOfPage":{"@id":"https:\/\/www.medicus.tn\/en\/produit\/distributor-of-covers-sk-cl\/#primaryimage"},"image":{"@id":"https:\/\/www.medicus.tn\/en\/produit\/distributor-of-covers-sk-cl\/#primaryimage"},"thumbnailUrl":"https:\/\/www.medicus.tn\/wp-content\/uploads\/2017\/01\/sk-cl-coin-small150522043112_b.jpg","datePublished":"2017-10-05T20:31:03+00:00","dateModified":"2017-11-30T22:11:34+00:00","breadcrumb":{"@id":"https:\/\/www.medicus.tn\/en\/produit\/distributor-of-covers-sk-cl\/#breadcrumb"},"inLanguage":"en-US","potentialAction":[{"@type":"ReadAction","target":["https:\/\/www.medicus.tn\/en\/produit\/distributor-of-covers-sk-cl\/"]}]},{"@type":"ImageObject","inLanguage":"en-US","@id":"https:\/\/www.medicus.tn\/en\/produit\/distributor-of-covers-sk-cl\/#primaryimage","url":"https:\/\/www.medicus.tn\/wp-content\/uploads\/2017\/01\/sk-cl-coin-small150522043112_b.jpg","contentUrl":"https:\/\/www.medicus.tn\/wp-content\/uploads\/2017\/01\/sk-cl-coin-small150522043112_b.jpg","width":368,"height":413},{"@type":"BreadcrumbList","@id":"https:\/\/www.medicus.tn\/en\/produit\/distributor-of-covers-sk-cl\/#breadcrumb","itemListElement":[{"@type":"ListItem","position":1,"name":"Accueil","item":"https:\/\/www.medicus.tn\/en\/"},{"@type":"ListItem","position":2,"name":"Nos Produits","item":"https:\/\/www.medicus.tn\/en\/ours-products\/"},{"@type":"ListItem","position":3,"name":"Distributor of \u00a0 covers SK-CL"}]},{"@type":"WebSite","@id":"https:\/\/www.medicus.tn\/en\/#website","url":"https:\/\/www.medicus.tn\/en\/","name":"Medicus sfax","description":"vente en gros du mat\u00e9riel m\u00e9dical sfax","publisher":{"@id":"https:\/\/www.medicus.tn\/en\/#organization"},"potentialAction":[{"@type":"SearchAction","target":{"@type":"EntryPoint","urlTemplate":"https:\/\/www.medicus.tn\/en\/?s={search_term_string}"},"query-input":{"@type":"PropertyValueSpecification","valueRequired":true,"valueName":"search_term_string"}}],"inLanguage":"en-US"},{"@type":"Organization","@id":"https:\/\/www.medicus.tn\/en\/#organization","name":"Medicus","url":"https:\/\/www.medicus.tn\/en\/","logo":{"@type":"ImageObject","inLanguage":"en-US","@id":"https:\/\/www.medicus.tn\/en\/#\/schema\/logo\/image\/","url":"https:\/\/www.medicus.tn\/wp-content\/uploads\/2017\/01\/Logo-Medicus-1-1.png","contentUrl":"https:\/\/www.medicus.tn\/wp-content\/uploads\/2017\/01\/Logo-Medicus-1-1.png","width":200,"height":82,"caption":"Medicus"},"image":{"@id":"https:\/\/www.medicus.tn\/en\/#\/schema\/logo\/image\/"},"sameAs":["https:\/\/www.facebook.com\/profile.php?id=100009488798021"]}]}},"_links":{"self":[{"href":"https:\/\/www.medicus.tn\/en\/wp-json\/wp\/v2\/product\/4058","targetHints":{"allow":["GET"]}}],"collection":[{"href":"https:\/\/www.medicus.tn\/en\/wp-json\/wp\/v2\/product"}],"about":[{"href":"https:\/\/www.medicus.tn\/en\/wp-json\/wp\/v2\/types\/product"}],"replies":[{"embeddable":true,"href":"https:\/\/www.medicus.tn\/en\/wp-json\/wp\/v2\/comments?post=4058"}],"wp:featuredmedia":[{"embeddable":true,"href":"https:\/\/www.medicus.tn\/en\/wp-json\/wp\/v2\/media\/4676"}],"wp:attachment":[{"href":"https:\/\/www.medicus.tn\/en\/wp-json\/wp\/v2\/media?parent=4058"}],"wp:term":[{"taxonomy":"product_brand","embeddable":true,"href":"https:\/\/www.medicus.tn\/en\/wp-json\/wp\/v2\/product_brand?post=4058"},{"taxonomy":"product_cat","embeddable":true,"href":"https:\/\/www.medicus.tn\/en\/wp-json\/wp\/v2\/product_cat?post=4058"},{"taxonomy":"product_tag","embeddable":true,"href":"https:\/\/www.medicus.tn\/en\/wp-json\/wp\/v2\/product_tag?post=4058"}],"curies":[{"name":"wp","href":"https:\/\/api.w.org\/{rel}","templated":true}]}}