{"id":4071,"date":"2017-01-16T18:24:13","date_gmt":"2017-10-05T21:14:58","guid":{"rendered":"http:\/\/www.medicus.tn\/?post_type=product&#038;p=4071"},"modified":"2017-11-30T22:03:42","modified_gmt":"2017-11-30T21:03:42","slug":"nitro-hb-5130-intensive-care-bed-weighs-with-four-engines","status":"publish","type":"product","link":"https:\/\/www.medicus.tn\/en\/produit\/nitro-hb-5130-intensive-care-bed-weighs-with-four-engines\/","title":{"rendered":"NITRO HB 5130 INTENSIVE CARE BED WEIGHS WITH FOUR ENGINES"},"content":{"rendered":"<div class=\"blog-post\">\n<div class=\"full-width\">\n<div class=\"post-list-aside\">\n<div class=\"post-single\">\n<div class=\"post-slider-thumb post-img text-center\">\n<ul class=\"slides\">\n<li data-thumb=\"http:\/\/www.nitrocare.com.tr\/urunres\/nitro-hb-5130-dort-motorlu-tartili-liftli-yogun-bakim-hasta-karyolasi1453894436.jpg\"><a title=\"L\u0130T DE SO\u0130NS \u0130NTENS\u0130F PESE AVEC QUATRE MOTEURS\"><img decoding=\"async\" src=\"http:\/\/medicus.open-presta.com\/wp-content\/uploads\/2017\/01\/d316093e9496a983cc7c39f950a0fbd9\" alt=\"\" \/><\/a><\/li>\n<li data-thumb=\"http:\/\/www.nitrocare.com.tr\/urunfoto_res\/o_1453894390_0.jpg\"><a title=\"\"><img decoding=\"async\" src=\"http:\/\/medicus.open-presta.com\/wp-content\/uploads\/2017\/01\/c7a2ab08b0c0be382f8d1e41d087df60\" alt=\"\" \/><\/a><\/li>\n<li data-thumb=\"http:\/\/www.nitrocare.com.tr\/urunfoto_res\/o_1453894485_0.jpg\"><a title=\"\"><img decoding=\"async\" src=\"http:\/\/medicus.open-presta.com\/wp-content\/uploads\/2017\/01\/b6ae919e812163f42150f28a046ca86c\" alt=\"\" \/><\/a><\/li>\n<li data-thumb=\"http:\/\/www.nitrocare.com.tr\/urunfoto_res\/o_1453894504_0.jpg\"><a title=\"\"><img decoding=\"async\" src=\"http:\/\/medicus.open-presta.com\/wp-content\/uploads\/2017\/01\/c40191adeacf91b6a3f889f3bf7f2952\" alt=\"\" \/><\/a><\/li>\n<li data-thumb=\"http:\/\/www.nitrocare.com.tr\/urunfoto_res\/o_1453894516_0.jpg\"><a title=\"\"><img decoding=\"async\" src=\"http:\/\/medicus.open-presta.com\/wp-content\/uploads\/2017\/01\/52cac5aa585aa1ddd04d6697bdbda3ca\" alt=\"\" \/><\/a><\/li>\n<li data-thumb=\"http:\/\/www.nitrocare.com.tr\/urunfoto_res\/o_1453894535_0.jpg\"><a title=\"\"><img decoding=\"async\" src=\"http:\/\/medicus.open-presta.com\/wp-content\/uploads\/2017\/01\/ac52a3c4da4548372d8d805056bf244a\" alt=\"\" \/><\/a><\/li>\n<li data-thumb=\"http:\/\/www.nitrocare.com.tr\/urunfoto_res\/o_1453894641_0.jpg\"><a title=\"\"><img decoding=\"async\" src=\"http:\/\/medicus.open-presta.com\/wp-content\/uploads\/2017\/01\/7f1c3b6106e30e5492594a8191b2278f\" alt=\"\" \/><\/a><\/li>\n<li data-thumb=\"http:\/\/www.nitrocare.com.tr\/urunfoto_res\/o_1453894657_0.jpg\"><a title=\"\"><img decoding=\"async\" src=\"http:\/\/medicus.open-presta.com\/wp-content\/uploads\/2017\/01\/0bfc2f342da79f59d809a227ae5e551d\" alt=\"\" \/><\/a><\/li>\n<li data-thumb=\"http:\/\/www.nitrocare.com.tr\/urunfoto_res\/o_1453894715_0.jpg\"><a title=\"\"><img decoding=\"async\" src=\"http:\/\/medicus.open-presta.com\/wp-content\/uploads\/2017\/01\/4d75628455d36d746f14af802bb652d5\" alt=\"\" \/><\/a><\/li>\n<li data-thumb=\"http:\/\/www.nitrocare.com.tr\/urunfoto_res\/o_1453894761_0.jpg\"><a title=\"\"><img decoding=\"async\" src=\"http:\/\/medicus.open-presta.com\/wp-content\/uploads\/2017\/01\/00f81f8d167c84e4a509e07e33116dd5\" alt=\"\" \/><\/a><\/li>\n<li data-thumb=\"http:\/\/www.nitrocare.com.tr\/urunfoto_res\/o_1453894803_0.jpg\"><a title=\"\"><img decoding=\"async\" src=\"http:\/\/medicus.open-presta.com\/wp-content\/uploads\/2017\/01\/7e9d6c55cf5e441301f7cc2c499013a1\" alt=\"\" \/><\/a><\/li>\n<li data-thumb=\"http:\/\/www.nitrocare.com.tr\/urunfoto_res\/o_1453894861_0.jpg\"><a title=\"\"><img decoding=\"async\" src=\"http:\/\/medicus.open-presta.com\/wp-content\/uploads\/2017\/01\/d4ced86cdf741433f2a503be6f048a1e\" alt=\"\" \/><\/a><\/li>\n<li data-thumb=\"http:\/\/www.nitrocare.com.tr\/urunfoto_res\/o_1453894884_0.jpg\"><a title=\"\"><img decoding=\"async\" src=\"http:\/\/medicus.open-presta.com\/wp-content\/uploads\/2017\/01\/93cadf4c0365b67ef623024c7270b0c5\" alt=\"\" \/><\/a><\/li>\n<li data-thumb=\"http:\/\/www.nitrocare.com.tr\/urunfoto_res\/o_1453894896_0.jpg\"><a title=\"\"><img decoding=\"async\" src=\"http:\/\/medicus.open-presta.com\/wp-content\/uploads\/2017\/01\/d2f31bf686b90f3c931c7185603d52a0\" alt=\"\" \/><\/a><\/li>\n<li data-thumb=\"http:\/\/www.nitrocare.com.tr\/urunfoto_res\/o_1453894911_0.jpg\"><a title=\"\"><img decoding=\"async\" src=\"http:\/\/medicus.open-presta.com\/wp-content\/uploads\/2017\/01\/0e05c2f2f8399f5374fbaf7b6e8bf614\" alt=\"\" \/><\/a><\/li>\n<\/ul>\n<\/div>\n<\/div>\n<\/div>\n<\/div>\n<p>Capable of measuring the weight of the patient.<br \/>\nAble to make the Trendelenburg movement, back, foot, height with the help of engine<br \/>\nManual Command<br \/>\nNurse control panel<br \/>\nLockable function of back and foot motor with nurse control<br \/>\nMechanical CPR (flat position of the back part of the bed in case of emergency.)<br \/>\nElectronic CPR<br \/>\nFowler Vascular Positions<br \/>\nAdjustable knee movements with gradual mechanism<br \/>\nEasily removable head and foot panel and side rails made of aluminum and compact laminate<br \/>\n360 \u00b0 swivel castors with central locking (150mm)<br \/>\nProtective plastic bumpers.<br \/>\nHanger of the urine bag<br \/>\nBelt Clip<br \/>\nAccessory slots.<br \/>\nDrums.<br \/>\nAdjustable height of the serum hanger<br \/>\nElectrostatic powder coating.<br \/>\n5th wheel (\u0130l allows easy movement of the bed in the desired position.) (125 mm)<br \/>\nX-ray<br \/>\nBed extension (18cm)<br \/>\n32 Density mattresses.<\/p>\n<div class=\"row\" style=\"background-color: #f6f6f6; padding: 20px 20px 0px 20px; margin-bottom: 30px;\">\n<div class=\"col-md-2\" style=\"padding-right: 10px; padding-left: 10px; height: 110px;\">\n<div class=\"fun-factor alt\">\n<div class=\"icon\"><img decoding=\"async\" src=\"http:\/\/medicus.open-presta.com\/wp-content\/uploads\/2017\/01\/36356f3078825ac3def543988ee7d86b\" \/><\/div>\n<div class=\"team-title\" style=\"padding: 0px;\">MOVEMENT OF BACK<\/div>\n<\/div>\n<\/div>\n<div class=\"col-md-2\" style=\"padding-right: 10px; padding-left: 10px; height: 110px;\">\n<div class=\"fun-factor alt\">\n<div class=\"icon\"><img decoding=\"async\" src=\"http:\/\/medicus.open-presta.com\/wp-content\/uploads\/2017\/01\/45d9728ced31e0c9c6a354b84b8fd389\" \/><\/div>\n<div class=\"team-title\" style=\"padding: 0px;\">MOVEMENT OF FEET<\/div>\n<\/div>\n<\/div>\n<div class=\"col-md-2\" style=\"padding-right: 10px; padding-left: 10px; height: 110px;\">\n<div class=\"fun-factor alt\">\n<div class=\"icon\"><img decoding=\"async\" src=\"http:\/\/medicus.open-presta.com\/wp-content\/uploads\/2017\/01\/a97236985e06dfdf285fb554becb5c38\" \/><\/div>\n<div class=\"team-title\" style=\"padding: 0px;\">MOVEMENT OF BACK AND FEET<\/div>\n<\/div>\n<\/div>\n<div class=\"col-md-2\" style=\"padding-right: 10px; padding-left: 10px; height: 110px;\">\n<div class=\"fun-factor alt\">\n<div class=\"icon\"><img decoding=\"async\" src=\"http:\/\/medicus.open-presta.com\/wp-content\/uploads\/2017\/01\/c7ea1564c359f54246c17877d52d43ee\" \/><\/div>\n<div class=\"team-title\" style=\"padding: 0px;\">MOVEMENT\u00a0 OF KNEE<\/div>\n<\/div>\n<\/div>\n<div class=\"col-md-2\" style=\"padding-right: 10px; padding-left: 10px; height: 110px;\">\n<div class=\"fun-factor alt\">\n<div class=\"icon\"><img decoding=\"async\" src=\"http:\/\/medicus.open-presta.com\/wp-content\/uploads\/2017\/01\/2c0e201efc379eceee07a6f6f68c37b3\" \/><\/div>\n<div class=\"team-title\" style=\"padding: 0px;\">HEIGHT<\/div>\n<\/div>\n<\/div>\n<div class=\"col-md-2\" style=\"padding-right: 10px; padding-left: 10px; height: 110px;\">\n<div class=\"fun-factor alt\">\n<div class=\"icon\"><img decoding=\"async\" src=\"http:\/\/medicus.open-presta.com\/wp-content\/uploads\/2017\/01\/555772773d7fff34d422ef9a6d15d44b\" \/><\/div>\n<div class=\"team-title\" style=\"padding: 0px;\">TRENDELENBURG<\/div>\n<\/div>\n<\/div>\n<div class=\"col-md-2\" style=\"padding-right: 10px; padding-left: 10px; height: 110px;\">\n<div class=\"fun-factor alt\">\n<div class=\"icon\"><img decoding=\"async\" src=\"http:\/\/medicus.open-presta.com\/wp-content\/uploads\/2017\/01\/fc1c46e2c63e5d6ce39f7664c455765c\" \/><\/div>\n<div class=\"team-title\" style=\"padding: 0px;\">CARD\u0130AC<\/div>\n<\/div>\n<\/div>\n<div class=\"col-md-2\" style=\"padding-right: 10px; padding-left: 10px; height: 110px;\">\n<div class=\"fun-factor alt\">\n<div class=\"icon\"><img decoding=\"async\" src=\"http:\/\/medicus.open-presta.com\/wp-content\/uploads\/2017\/01\/ac38b05ed95f6720ff2fb1ea6da0aed3\" \/><\/div>\n<div class=\"team-title\" style=\"padding: 0px;\">POS\u0130T\u0130ON TV OUT<\/div>\n<\/div>\n<\/div>\n<div class=\"col-md-2\" style=\"padding-right: 10px; padding-left: 10px; height: 110px;\">\n<div class=\"fun-factor alt\">\n<div class=\"icon\"><img decoding=\"async\" src=\"http:\/\/medicus.open-presta.com\/wp-content\/uploads\/2017\/01\/470cd14a4fa4801eeb64f63b924ac39c\" \/><\/div>\n<div class=\"team-title\" style=\"padding: 0px;\">PROCL\u0130VE<\/div>\n<\/div>\n<\/div>\n<\/div>\n<section id=\"aksesuar\" class=\"body-content page-content\" style=\"padding: 0px 0;\">\n<div class=\"heading-title-side-border text-left \">\n<h3 class=\"text-uppercase \">Accessoires<\/h3>\n<div class=\"title-border-container\"><\/div>\n<\/div>\n<div class=\"row \">\n<div class=\"col-md-12\" style=\"padding-right: 0px; padding-left: 0px;\">\n<div class=\"portfolio portfolio-with-title portfolio-masonry col-3 gutter\" style=\"margin: 0px 0 !important;\">\n<div class=\"portfolio-item cat1 cat3 \">\n<div class=\"thumb\">\n<p><img decoding=\"async\" src=\"http:\/\/medicus.open-presta.com\/wp-content\/uploads\/2017\/01\/83371a38543fb9b0e8b2aa741dadd542\" alt=\"\" \/><\/p>\n<div class=\"portfolio-hover\"><\/div>\n<\/div>\n<div class=\"portfolio-title\" style=\"padding-right: 5px; padding-left: 5px;\"><\/div>\n<\/div>\n<div class=\"portfolio-item cat1 cat3 \">\n<div class=\"thumb\">\n<p><img decoding=\"async\" src=\"http:\/\/medicus.open-presta.com\/wp-content\/uploads\/2017\/01\/9fad3d8acc13d009fe142e0fbd7485ba\" alt=\"\" \/><\/p>\n<div class=\"portfolio-hover\"><\/div>\n<\/div>\n<div class=\"portfolio-title\" style=\"padding-right: 5px; padding-left: 5px;\"><\/div>\n<\/div>\n<div class=\"portfolio-item cat1 cat3 \">\n<div class=\"thumb\">\n<p><img decoding=\"async\" src=\"http:\/\/medicus.open-presta.com\/wp-content\/uploads\/2017\/01\/890ac4db6130bc82f259adc0cd9ad69b\" alt=\"\" \/><\/p>\n<div class=\"portfolio-hover\"><\/div>\n<\/div>\n<div class=\"portfolio-title\" style=\"padding-right: 5px; padding-left: 5px;\"><\/div>\n<\/div>\n<div class=\"portfolio-item cat1 cat3 \">\n<div class=\"thumb\">\n<p><img decoding=\"async\" src=\"http:\/\/medicus.open-presta.com\/wp-content\/uploads\/2017\/01\/4d3f5190543389c62f613d9ce2bf061e\" alt=\"\" \/><\/p>\n<div class=\"portfolio-hover\"><\/div>\n<\/div>\n<div class=\"portfolio-title\" style=\"padding-right: 5px; padding-left: 5px;\"><\/div>\n<\/div>\n<div class=\"portfolio-item cat1 cat3 \">\n<div class=\"thumb\">\n<p><img decoding=\"async\" src=\"http:\/\/medicus.open-presta.com\/wp-content\/uploads\/2017\/01\/03f91ef9701cd7a07ba6513227035d47\" alt=\"\" \/><\/p>\n<div class=\"portfolio-hover\"><\/div>\n<\/div>\n<div class=\"portfolio-title\" style=\"padding-right: 5px; padding-left: 5px;\"><\/div>\n<\/div>\n<\/div>\n<\/div>\n<\/div>\n<\/section>\n<\/div>\n","protected":false},"excerpt":{"rendered":"<p>Capable of measuring the weight of the patient. Able to make the Trendelenburg movement, back, foot, height with the help of engine Manual Command Nurse control panel Lockable function of back and foot motor with nurse control Mechanical CPR (flat position of the back part of the bed in case of emergency.) Electronic CPR Fowler<\/p>\n","protected":false},"featured_media":4429,"comment_status":"closed","ping_status":"closed","template":"","meta":[],"product_brand":[],"product_cat":[195,192,184],"product_tag":[],"class_list":{"0":"post-4071","1":"product","2":"type-product","3":"status-publish","4":"has-post-thumbnail","6":"product_cat-compact-series-en","7":"product_cat-hospital-bed","8":"product_cat-medical-furniture","10":"first","11":"instock","12":"shipping-taxable","13":"product-type-simple","14":"prodpage-style3"},"yoast_head":"<!-- This site is optimized with the Yoast SEO plugin v27.4 - https:\/\/yoast.com\/product\/yoast-seo-wordpress\/ -->\n<title>NITRO HB 5130 INTENSIVE CARE BED WEIGHS WITH FOUR ENGINES - Medicus sfax<\/title>\n<meta name=\"robots\" content=\"index, follow, max-snippet:-1, max-image-preview:large, max-video-preview:-1\" \/>\n<link rel=\"canonical\" href=\"https:\/\/www.medicus.tn\/produit\/nitro-hb-5130-pese-lit-de-soins-intensif-avec-quatre-moteurs\/\" \/>\n<meta property=\"og:locale\" content=\"en_US\" \/>\n<meta property=\"og:type\" content=\"article\" \/>\n<meta property=\"og:title\" content=\"NITRO HB 5130 INTENSIVE CARE BED WEIGHS WITH FOUR ENGINES - Medicus sfax\" \/>\n<meta property=\"og:description\" content=\"Capable of measuring the weight of the patient. Able to make the Trendelenburg movement, back, foot, height with the help of engine Manual Command Nurse control panel Lockable function of back and foot motor with nurse control Mechanical CPR (flat position of the back part of the bed in case of emergency.) Electronic CPR Fowler\" \/>\n<meta property=\"og:url\" content=\"https:\/\/www.medicus.tn\/produit\/nitro-hb-5130-pese-lit-de-soins-intensif-avec-quatre-moteurs\/\" \/>\n<meta property=\"og:site_name\" content=\"Medicus sfax\" \/>\n<meta property=\"article:publisher\" content=\"https:\/\/www.facebook.com\/profile.php?id=100009488798021\" \/>\n<meta property=\"article:modified_time\" content=\"2017-11-30T21:03:42+00:00\" \/>\n<meta property=\"og:image\" content=\"https:\/\/www.medicus.tn\/wp-content\/uploads\/2017\/01\/d316093e9496a983cc7c39f950a0fbd9\" \/>\n\t<meta property=\"og:image:width\" content=\"818\" \/>\n\t<meta property=\"og:image:height\" content=\"635\" \/>\n\t<meta property=\"og:image:type\" content=\"image\/jpeg\" \/>\n<meta name=\"twitter:card\" content=\"summary_large_image\" \/>\n<meta name=\"twitter:label1\" content=\"Est. reading time\" \/>\n\t<meta name=\"twitter:data1\" content=\"1 minute\" \/>\n<script type=\"application\/ld+json\" class=\"yoast-schema-graph\">{\"@context\":\"https:\\\/\\\/schema.org\",\"@graph\":[{\"@type\":\"WebPage\",\"@id\":\"https:\\\/\\\/www.medicus.tn\\\/produit\\\/nitro-hb-5130-pese-lit-de-soins-intensif-avec-quatre-moteurs\\\/\",\"url\":\"https:\\\/\\\/www.medicus.tn\\\/produit\\\/nitro-hb-5130-pese-lit-de-soins-intensif-avec-quatre-moteurs\\\/\",\"name\":\"NITRO HB 5130 INTENSIVE CARE BED WEIGHS WITH FOUR ENGINES - Medicus sfax\",\"isPartOf\":{\"@id\":\"https:\\\/\\\/www.medicus.tn\\\/en\\\/#website\"},\"primaryImageOfPage\":{\"@id\":\"https:\\\/\\\/www.medicus.tn\\\/produit\\\/nitro-hb-5130-pese-lit-de-soins-intensif-avec-quatre-moteurs\\\/#primaryimage\"},\"image\":{\"@id\":\"https:\\\/\\\/www.medicus.tn\\\/produit\\\/nitro-hb-5130-pese-lit-de-soins-intensif-avec-quatre-moteurs\\\/#primaryimage\"},\"thumbnailUrl\":\"https:\\\/\\\/www.medicus.tn\\\/wp-content\\\/uploads\\\/2017\\\/01\\\/d316093e9496a983cc7c39f950a0fbd9\",\"datePublished\":\"2017-10-05T21:14:58+00:00\",\"dateModified\":\"2017-11-30T21:03:42+00:00\",\"breadcrumb\":{\"@id\":\"https:\\\/\\\/www.medicus.tn\\\/produit\\\/nitro-hb-5130-pese-lit-de-soins-intensif-avec-quatre-moteurs\\\/#breadcrumb\"},\"inLanguage\":\"en-US\",\"potentialAction\":[{\"@type\":\"ReadAction\",\"target\":[\"https:\\\/\\\/www.medicus.tn\\\/produit\\\/nitro-hb-5130-pese-lit-de-soins-intensif-avec-quatre-moteurs\\\/\"]}]},{\"@type\":\"ImageObject\",\"inLanguage\":\"en-US\",\"@id\":\"https:\\\/\\\/www.medicus.tn\\\/produit\\\/nitro-hb-5130-pese-lit-de-soins-intensif-avec-quatre-moteurs\\\/#primaryimage\",\"url\":\"https:\\\/\\\/www.medicus.tn\\\/wp-content\\\/uploads\\\/2017\\\/01\\\/d316093e9496a983cc7c39f950a0fbd9\",\"contentUrl\":\"https:\\\/\\\/www.medicus.tn\\\/wp-content\\\/uploads\\\/2017\\\/01\\\/d316093e9496a983cc7c39f950a0fbd9\",\"width\":818,\"height\":635},{\"@type\":\"BreadcrumbList\",\"@id\":\"https:\\\/\\\/www.medicus.tn\\\/produit\\\/nitro-hb-5130-pese-lit-de-soins-intensif-avec-quatre-moteurs\\\/#breadcrumb\",\"itemListElement\":[{\"@type\":\"ListItem\",\"position\":1,\"name\":\"Accueil\",\"item\":\"https:\\\/\\\/www.medicus.tn\\\/en\\\/\"},{\"@type\":\"ListItem\",\"position\":2,\"name\":\"Nos Produits\",\"item\":\"https:\\\/\\\/www.medicus.tn\\\/en\\\/ours-products\\\/\"},{\"@type\":\"ListItem\",\"position\":3,\"name\":\"NITRO HB 5130 INTENSIVE CARE BED WEIGHS WITH FOUR ENGINES\"}]},{\"@type\":\"WebSite\",\"@id\":\"https:\\\/\\\/www.medicus.tn\\\/en\\\/#website\",\"url\":\"https:\\\/\\\/www.medicus.tn\\\/en\\\/\",\"name\":\"Medicus sfax\",\"description\":\"vente en gros du mat\u00e9riel m\u00e9dical sfax\",\"publisher\":{\"@id\":\"https:\\\/\\\/www.medicus.tn\\\/en\\\/#organization\"},\"potentialAction\":[{\"@type\":\"SearchAction\",\"target\":{\"@type\":\"EntryPoint\",\"urlTemplate\":\"https:\\\/\\\/www.medicus.tn\\\/en\\\/?s={search_term_string}\"},\"query-input\":{\"@type\":\"PropertyValueSpecification\",\"valueRequired\":true,\"valueName\":\"search_term_string\"}}],\"inLanguage\":\"en-US\"},{\"@type\":\"Organization\",\"@id\":\"https:\\\/\\\/www.medicus.tn\\\/en\\\/#organization\",\"name\":\"Medicus\",\"url\":\"https:\\\/\\\/www.medicus.tn\\\/en\\\/\",\"logo\":{\"@type\":\"ImageObject\",\"inLanguage\":\"en-US\",\"@id\":\"https:\\\/\\\/www.medicus.tn\\\/en\\\/#\\\/schema\\\/logo\\\/image\\\/\",\"url\":\"https:\\\/\\\/www.medicus.tn\\\/wp-content\\\/uploads\\\/2017\\\/01\\\/Logo-Medicus-1-1.png\",\"contentUrl\":\"https:\\\/\\\/www.medicus.tn\\\/wp-content\\\/uploads\\\/2017\\\/01\\\/Logo-Medicus-1-1.png\",\"width\":200,\"height\":82,\"caption\":\"Medicus\"},\"image\":{\"@id\":\"https:\\\/\\\/www.medicus.tn\\\/en\\\/#\\\/schema\\\/logo\\\/image\\\/\"},\"sameAs\":[\"https:\\\/\\\/www.facebook.com\\\/profile.php?id=100009488798021\"]}]}<\/script>\n<!-- \/ Yoast SEO plugin. -->","yoast_head_json":{"title":"NITRO HB 5130 INTENSIVE CARE BED WEIGHS WITH FOUR ENGINES - Medicus sfax","robots":{"index":"index","follow":"follow","max-snippet":"max-snippet:-1","max-image-preview":"max-image-preview:large","max-video-preview":"max-video-preview:-1"},"canonical":"https:\/\/www.medicus.tn\/produit\/nitro-hb-5130-pese-lit-de-soins-intensif-avec-quatre-moteurs\/","og_locale":"en_US","og_type":"article","og_title":"NITRO HB 5130 INTENSIVE CARE BED WEIGHS WITH FOUR ENGINES - Medicus sfax","og_description":"Capable of measuring the weight of the patient. Able to make the Trendelenburg movement, back, foot, height with the help of engine Manual Command Nurse control panel Lockable function of back and foot motor with nurse control Mechanical CPR (flat position of the back part of the bed in case of emergency.) Electronic CPR Fowler","og_url":"https:\/\/www.medicus.tn\/produit\/nitro-hb-5130-pese-lit-de-soins-intensif-avec-quatre-moteurs\/","og_site_name":"Medicus sfax","article_publisher":"https:\/\/www.facebook.com\/profile.php?id=100009488798021","article_modified_time":"2017-11-30T21:03:42+00:00","og_image":[{"width":818,"height":635,"url":"https:\/\/www.medicus.tn\/wp-content\/uploads\/2017\/01\/d316093e9496a983cc7c39f950a0fbd9","type":"image\/jpeg"}],"twitter_card":"summary_large_image","twitter_misc":{"Est. reading time":"1 minute"},"schema":{"@context":"https:\/\/schema.org","@graph":[{"@type":"WebPage","@id":"https:\/\/www.medicus.tn\/produit\/nitro-hb-5130-pese-lit-de-soins-intensif-avec-quatre-moteurs\/","url":"https:\/\/www.medicus.tn\/produit\/nitro-hb-5130-pese-lit-de-soins-intensif-avec-quatre-moteurs\/","name":"NITRO HB 5130 INTENSIVE CARE BED WEIGHS WITH FOUR ENGINES - Medicus sfax","isPartOf":{"@id":"https:\/\/www.medicus.tn\/en\/#website"},"primaryImageOfPage":{"@id":"https:\/\/www.medicus.tn\/produit\/nitro-hb-5130-pese-lit-de-soins-intensif-avec-quatre-moteurs\/#primaryimage"},"image":{"@id":"https:\/\/www.medicus.tn\/produit\/nitro-hb-5130-pese-lit-de-soins-intensif-avec-quatre-moteurs\/#primaryimage"},"thumbnailUrl":"https:\/\/www.medicus.tn\/wp-content\/uploads\/2017\/01\/d316093e9496a983cc7c39f950a0fbd9","datePublished":"2017-10-05T21:14:58+00:00","dateModified":"2017-11-30T21:03:42+00:00","breadcrumb":{"@id":"https:\/\/www.medicus.tn\/produit\/nitro-hb-5130-pese-lit-de-soins-intensif-avec-quatre-moteurs\/#breadcrumb"},"inLanguage":"en-US","potentialAction":[{"@type":"ReadAction","target":["https:\/\/www.medicus.tn\/produit\/nitro-hb-5130-pese-lit-de-soins-intensif-avec-quatre-moteurs\/"]}]},{"@type":"ImageObject","inLanguage":"en-US","@id":"https:\/\/www.medicus.tn\/produit\/nitro-hb-5130-pese-lit-de-soins-intensif-avec-quatre-moteurs\/#primaryimage","url":"https:\/\/www.medicus.tn\/wp-content\/uploads\/2017\/01\/d316093e9496a983cc7c39f950a0fbd9","contentUrl":"https:\/\/www.medicus.tn\/wp-content\/uploads\/2017\/01\/d316093e9496a983cc7c39f950a0fbd9","width":818,"height":635},{"@type":"BreadcrumbList","@id":"https:\/\/www.medicus.tn\/produit\/nitro-hb-5130-pese-lit-de-soins-intensif-avec-quatre-moteurs\/#breadcrumb","itemListElement":[{"@type":"ListItem","position":1,"name":"Accueil","item":"https:\/\/www.medicus.tn\/en\/"},{"@type":"ListItem","position":2,"name":"Nos Produits","item":"https:\/\/www.medicus.tn\/en\/ours-products\/"},{"@type":"ListItem","position":3,"name":"NITRO HB 5130 INTENSIVE CARE BED WEIGHS WITH FOUR ENGINES"}]},{"@type":"WebSite","@id":"https:\/\/www.medicus.tn\/en\/#website","url":"https:\/\/www.medicus.tn\/en\/","name":"Medicus sfax","description":"vente en gros du mat\u00e9riel m\u00e9dical sfax","publisher":{"@id":"https:\/\/www.medicus.tn\/en\/#organization"},"potentialAction":[{"@type":"SearchAction","target":{"@type":"EntryPoint","urlTemplate":"https:\/\/www.medicus.tn\/en\/?s={search_term_string}"},"query-input":{"@type":"PropertyValueSpecification","valueRequired":true,"valueName":"search_term_string"}}],"inLanguage":"en-US"},{"@type":"Organization","@id":"https:\/\/www.medicus.tn\/en\/#organization","name":"Medicus","url":"https:\/\/www.medicus.tn\/en\/","logo":{"@type":"ImageObject","inLanguage":"en-US","@id":"https:\/\/www.medicus.tn\/en\/#\/schema\/logo\/image\/","url":"https:\/\/www.medicus.tn\/wp-content\/uploads\/2017\/01\/Logo-Medicus-1-1.png","contentUrl":"https:\/\/www.medicus.tn\/wp-content\/uploads\/2017\/01\/Logo-Medicus-1-1.png","width":200,"height":82,"caption":"Medicus"},"image":{"@id":"https:\/\/www.medicus.tn\/en\/#\/schema\/logo\/image\/"},"sameAs":["https:\/\/www.facebook.com\/profile.php?id=100009488798021"]}]}},"_links":{"self":[{"href":"https:\/\/www.medicus.tn\/en\/wp-json\/wp\/v2\/product\/4071","targetHints":{"allow":["GET"]}}],"collection":[{"href":"https:\/\/www.medicus.tn\/en\/wp-json\/wp\/v2\/product"}],"about":[{"href":"https:\/\/www.medicus.tn\/en\/wp-json\/wp\/v2\/types\/product"}],"replies":[{"embeddable":true,"href":"https:\/\/www.medicus.tn\/en\/wp-json\/wp\/v2\/comments?post=4071"}],"wp:featuredmedia":[{"embeddable":true,"href":"https:\/\/www.medicus.tn\/en\/wp-json\/wp\/v2\/media\/4429"}],"wp:attachment":[{"href":"https:\/\/www.medicus.tn\/en\/wp-json\/wp\/v2\/media?parent=4071"}],"wp:term":[{"taxonomy":"product_brand","embeddable":true,"href":"https:\/\/www.medicus.tn\/en\/wp-json\/wp\/v2\/product_brand?post=4071"},{"taxonomy":"product_cat","embeddable":true,"href":"https:\/\/www.medicus.tn\/en\/wp-json\/wp\/v2\/product_cat?post=4071"},{"taxonomy":"product_tag","embeddable":true,"href":"https:\/\/www.medicus.tn\/en\/wp-json\/wp\/v2\/product_tag?post=4071"}],"curies":[{"name":"wp","href":"https:\/\/api.w.org\/{rel}","templated":true}]}}